{"id":12484,"date":"2023-11-27T09:21:48","date_gmt":"2023-11-27T08:21:48","guid":{"rendered":"https:\/\/serradoraplanas.com\/?page_id=12484"},"modified":"2024-02-14T15:21:27","modified_gmt":"2024-02-14T14:21:27","slug":"declaration-of-accessibility","status":"publish","type":"page","link":"https:\/\/serradoraplanas.com\/en\/declaration-of-accessibility\/","title":{"rendered":"Declaration of accessibility"},"content":{"rendered":"\r\n<p><b>Serveis d\u2019Internet Javajan SL<\/b><span style=\"font-weight: 400;\">,\u00a0 s\u2019ha comprom\u00e8s a fer accessibles els seus llocs web, de conformitat amb el\u00a0 <\/span><a href=\"https:\/\/www.boe.es\/buscar\/act.php?id=BOE-A-2018-12699\"><b>Real Decreto 1112\/2018<\/b><\/a><span style=\"font-weight: 400;\">, del 7 de setembre, sobre accessibilitat dels llocs web i aplicacions per a dispositius m\u00f2bils, per la qual es trasposa a l&#8217;ordenament jur\u00eddic espanyol la <\/span><a href=\"http:\/\/eur-lex.europa.eu\/legal-content\/ES\/TXT\/?uri=uriserv:OJ.L_.2016.327.01.0001.01.SPA&amp;toc=OJ:L:2016:327:FULL\"><span style=\"font-weight: 400;\">Directiva (UE) 2016\/2102 del Parlamento Europeo y del Consejo<\/span><\/a><span style=\"font-weight: 400;\">.<\/span><\/p>\r\n<p><span style=\"font-weight: 400;\">La present declaraci\u00f3 d\u2019accessibilitat s\u2019aplica al web <\/span><a href=\"https:\/\/serradoraplanas.com\"><span style=\"font-weight: 400;\">https:\/\/serradoraplanas.com<\/span><\/a><span style=\"font-weight: 400;\">\u00a0<\/span><\/p>\r\n<h2 class=\"wp-block-heading\"><span style=\"font-weight: 400;\"><br \/>Situaci\u00f3 de compliment<\/span><\/h2>\r\n<p><span style=\"font-weight: 400;\">Aquest lloc web \u00e9s parcialment <\/span><b>\u00a0conforme<\/b><span style=\"font-weight: 400;\"> amb el <\/span><a href=\"https:\/\/www.boe.es\/diario_boe\/txt.php?id=BOE-A-2018-12699\"><b>RD 1112\/2018<\/b><\/a><span style=\"font-weight: 400;\"> a causa de les excepcions i de la manca de conformitat dels aspectes que s&#8217;indiquen a continuaci\u00f3.<\/span><\/p>\r\n<h2><span style=\"font-weight: 400;\">Contingut no accessible<\/span><\/h2>\r\n<p><span style=\"font-weight: 400;\">El contingut que es recull a continuaci\u00f3 no \u00e9s accessible pel seg\u00fcent:<\/span><\/p>\r\n<ol>\r\n<li style=\"font-weight: 400;\" aria-level=\"1\"><b>Falta de conformitat amb el\u00a0 RD 1112\/2018<\/b>\r\n<ul>\r\n<li style=\"font-weight: 400;\" aria-level=\"2\"><span style=\"font-weight: 400;\">A causa de l&#8217;automatitzaci\u00f3 d&#8217;algunes de les publicacions podrien existir p\u00e0gines amb un incorrecte nidament d&#8217;etiquetes HTML.<\/span><\/li>\r\n<li style=\"font-weight: 400;\" aria-level=\"2\"><span style=\"font-weight: 400;\">Hi ha documents en format PDF que no compleixen amb la normativa.<\/span><\/li>\r\n<li style=\"font-weight: 400;\" aria-level=\"2\"><span style=\"font-weight: 400;\">Podrien haver-hi errors puntuals d&#8217;edici\u00f3 en alguna p\u00e0gina web.<\/span><\/li>\r\n<\/ul>\r\n<\/li>\r\n<li style=\"font-weight: 400;\" aria-level=\"1\"><b>Carga desproporcionada<\/b>\r\n<ul>\r\n<li style=\"font-weight: 400;\" aria-level=\"2\"><span style=\"font-weight: 400;\">No aplica.<\/span><\/li>\r\n<\/ul>\r\n<\/li>\r\n<li style=\"font-weight: 400;\" aria-level=\"1\"><b>Contingut que no entra dins de l&#8217;\u00e0mbit de la legislaci\u00f3 aplicable<\/b>\r\n<ul>\r\n<li style=\"font-weight: 400;\" aria-level=\"2\"><span style=\"font-weight: 400;\">Fitxers ofim\u00e0tics en PDF o altres formats, aix\u00ed com aplicacions publicades abans del 20 de setembre de 2018 que no compleixin totalment tots els requisits d&#8217;accessibilitat.<\/span><\/li>\r\n<li style=\"font-weight: 400;\" aria-level=\"2\"><span style=\"font-weight: 400;\">Continguts multim\u00e8dia en directe.<\/span><\/li>\r\n<li style=\"font-weight: 400;\" aria-level=\"2\"><span style=\"font-weight: 400;\">Contingut multim\u00e8dia pregravat publicat abans de l&#8217;entrada en vigor del Reial Decret.<\/span><\/li>\r\n<li style=\"font-weight: 400;\" aria-level=\"2\"><span style=\"font-weight: 400;\">Serveis de mapa en l\u00ednia.<\/span><\/li>\r\n<\/ul>\r\n<\/li>\r\n<\/ol>\r\n<h2><span style=\"font-weight: 400;\">Preparaci\u00f3 d&#8217;aquesta declaraci\u00f3 d&#8217;accessibilitat<\/span><\/h2>\r\n<p><span style=\"font-weight: 400;\">Aquesta declaraci\u00f3 va ser preparada el 24 de maig de 2023 i est\u00e0 basada en els informes d&#8217;accessibilitat web del <\/span><a href=\"https:\/\/administracionelectronica.gob.es\/pae_Home\/pae_Estrategias\/pae_Accesibilidad.html\"><b>Observatorio de Accesibilidad<\/b><\/a><span style=\"font-weight: 400;\">.<\/span> <span style=\"font-weight: 400;\">La data de la darrera revisi\u00f3 ha estat el 23 de novembre de 2023.<\/span><\/p>\r\n<h2><span style=\"font-weight: 400;\">Observacions i dades de contacte<\/span><\/h2>\r\n<p><span style=\"font-weight: 400;\">Podeu realitzar <\/span><b>comunicacions <\/b><span style=\"font-weight: 400;\">sobre requisits d&#8217;accessibilitat (article 10.2 del RD 1112\/2018) com ara:<\/span><\/p>\r\n<ul>\r\n<li style=\"font-weight: 400;\" aria-level=\"1\"><span style=\"font-weight: 400;\">informar sobre qualsevol possible incompliment per part d&#8217;aquest lloc web<\/span><\/li>\r\n<li style=\"font-weight: 400;\" aria-level=\"1\"><span style=\"font-weight: 400;\">transmitir altres <\/span><b>dificultats d\u2019acc\u00e9s<\/b><span style=\"font-weight: 400;\"> al contingut<\/span><\/li>\r\n<li style=\"font-weight: 400;\" aria-level=\"1\"><span style=\"font-weight: 400;\">formular qualsevol altre <\/span><b>consulta o sugger\u00e8ncia de millora <\/b><span style=\"font-weight: 400;\">relativa a l\u2019accessibilitat del lloc web.<\/span><\/li>\r\n<\/ul>\r\n<p><span style=\"font-weight: 400;\">a trav\u00e9s del correu electr\u00f2nic <\/span><a href=\"mailto:info@javajan.com\"><span style=\"font-weight: 400;\">info@javajan.com<\/span><\/a><span style=\"font-weight: 400;\"> indicant en l\u2019assumpte el nom de la p\u00e0gina.<\/span><\/p>\r\n<h2><span style=\"font-weight: 400;\">Contingut opcional<\/span><\/h2>\r\n<p><span style=\"font-weight: 400;\">Aquest lloc web:<\/span><\/p>\r\n<ul>\r\n<li style=\"font-weight: 400;\" aria-level=\"1\"><span style=\"font-weight: 400;\">S&#8217;ha dissenyat adaptant-se als est\u00e0ndards i normatives vigents en relaci\u00f3 amb l&#8217;accessibilitat, complint amb els punts de verificaci\u00f3 de prioritat 2 (AA) definits a l&#8217;especificaci\u00f3 de Pautes d&#8217;Accessibilitat al Contingut a la Web (WCAG 2.1).<\/span><\/li>\r\n<li style=\"font-weight: 400;\" aria-level=\"1\"><span style=\"font-weight: 400;\">Compleix els requisits de la Norma <\/span><a href=\"https:\/\/administracionelectronica.gob.es\/pae_Home\/dam\/jcr:2352eaaf-2ee8-4501-a67b-bb682c6de934\/Norma_UNE-EN_301549.pdf\"><span style=\"font-weight: 400;\">UNE-EN 301549 v1.1.2:2015<\/span><\/a><span style=\"font-weight: 400;\">, considerant les excepcions del Real Decreto 1112\/2018.<\/span><\/li>\r\n<li style=\"font-weight: 400;\" aria-level=\"1\"><span style=\"font-weight: 400;\">Est\u00e0 dissenyat per a la seva correcta visualitzaci\u00f3 en dispositius d\u2019escriptori, tablet i m\u00f2bils per a una resoluci\u00f3 m\u00ednima de <\/span><b>1280&#215;1024.<\/b><\/li>\r\n<li style=\"font-weight: 400;\" aria-level=\"1\"><span style=\"font-weight: 400;\">S&#8217;ha realitzat utilitzant HTML5 com a llenguatge de marcatge i fulls d&#8217;estil CSS 3 pel disseny.<\/span><\/li>\r\n<\/ul>\r\n","protected":false},"excerpt":{"rendered":"<p>Serveis d\u2019Internet Javajan SL,\u00a0 s\u2019ha comprom\u00e8s a fer accessibles els seus llocs web, de conformitat amb el\u00a0 Real Decreto 1112\/2018, del 7 de setembre, sobre accessibilitat dels llocs web i aplicacions per a dispositius m\u00f2bils, per la qual es trasposa a l&#8217;ordenament jur\u00eddic espanyol la Directiva (UE) 2016\/2102 del Parlamento Europeo y del Consejo. La [&hellip;]<\/p>\n","protected":false},"author":1,"featured_media":0,"parent":0,"menu_order":0,"comment_status":"closed","ping_status":"open","template":"","meta":{"footnotes":""},"class_list":["post-12484","page","type-page","status-publish","hentry"],"yoast_head":"<!-- This site is optimized with the Yoast SEO plugin v22.3 - https:\/\/yoast.com\/wordpress\/plugins\/seo\/ -->\n<title>Declaration of accessibility - Serradora Planas<\/title>\n<meta name=\"robots\" content=\"index, follow, max-snippet:-1, max-image-preview:large, max-video-preview:-1\" \/>\n<link rel=\"canonical\" href=\"https:\/\/serradoraplanas.com\/en\/declaration-of-accessibility\/\" \/>\n<meta property=\"og:locale\" content=\"en_US\" \/>\n<meta property=\"og:type\" content=\"article\" \/>\n<meta property=\"og:title\" content=\"Declaration of accessibility - Serradora Planas\" \/>\n<meta property=\"og:description\" content=\"Serveis d\u2019Internet Javajan SL,\u00a0 s\u2019ha comprom\u00e8s a fer accessibles els seus llocs web, de conformitat amb el\u00a0 Real Decreto 1112\/2018, del 7 de setembre, sobre accessibilitat dels llocs web i aplicacions per a dispositius m\u00f2bils, per la qual es trasposa a l&#8217;ordenament jur\u00eddic espanyol la Directiva (UE) 2016\/2102 del Parlamento Europeo y del Consejo. La [&hellip;]\" \/>\n<meta property=\"og:url\" content=\"https:\/\/serradoraplanas.com\/en\/declaration-of-accessibility\/\" \/>\n<meta property=\"og:site_name\" content=\"Serradora Planas\" \/>\n<meta property=\"article:modified_time\" content=\"2024-02-14T14:21:27+00:00\" \/>\n<meta name=\"twitter:card\" content=\"summary_large_image\" \/>\n<meta name=\"twitter:label1\" content=\"Est. reading time\" \/>\n\t<meta name=\"twitter:data1\" content=\"2 minutes\" \/>\n<script type=\"application\/ld+json\" class=\"yoast-schema-graph\">{\"@context\":\"https:\/\/schema.org\",\"@graph\":[{\"@type\":\"WebPage\",\"@id\":\"https:\/\/serradoraplanas.com\/en\/declaration-of-accessibility\/\",\"url\":\"https:\/\/serradoraplanas.com\/en\/declaration-of-accessibility\/\",\"name\":\"Declaration of accessibility - Serradora Planas\",\"isPartOf\":{\"@id\":\"https:\/\/serradoraplanas.com\/#website\"},\"datePublished\":\"2023-11-27T08:21:48+00:00\",\"dateModified\":\"2024-02-14T14:21:27+00:00\",\"breadcrumb\":{\"@id\":\"https:\/\/serradoraplanas.com\/en\/declaration-of-accessibility\/#breadcrumb\"},\"inLanguage\":\"en-US\",\"potentialAction\":[{\"@type\":\"ReadAction\",\"target\":[\"https:\/\/serradoraplanas.com\/en\/declaration-of-accessibility\/\"]}]},{\"@type\":\"BreadcrumbList\",\"@id\":\"https:\/\/serradoraplanas.com\/en\/declaration-of-accessibility\/#breadcrumb\",\"itemListElement\":[{\"@type\":\"ListItem\",\"position\":1,\"name\":\"Inici\",\"item\":\"https:\/\/serradoraplanas.com\/en\/\"},{\"@type\":\"ListItem\",\"position\":2,\"name\":\"Declaration of accessibility\"}]},{\"@type\":\"WebSite\",\"@id\":\"https:\/\/serradoraplanas.com\/#website\",\"url\":\"https:\/\/serradoraplanas.com\/\",\"name\":\"Serradora Planas\",\"description\":\"SINCE 1945 WORKING ON THE FIRST TRANSFORMATION OF WOOD.\",\"publisher\":{\"@id\":\"https:\/\/serradoraplanas.com\/#organization\"},\"potentialAction\":[{\"@type\":\"SearchAction\",\"target\":{\"@type\":\"EntryPoint\",\"urlTemplate\":\"https:\/\/serradoraplanas.com\/?s={search_term_string}\"},\"query-input\":\"required name=search_term_string\"}],\"inLanguage\":\"en-US\"},{\"@type\":\"Organization\",\"@id\":\"https:\/\/serradoraplanas.com\/#organization\",\"name\":\"Serradora Planas\",\"url\":\"https:\/\/serradoraplanas.com\/\",\"logo\":{\"@type\":\"ImageObject\",\"inLanguage\":\"en-US\",\"@id\":\"https:\/\/serradoraplanas.com\/#\/schema\/logo\/image\/\",\"url\":\"https:\/\/serradoraplanas.com\/wp-content\/uploads\/2024\/01\/logotipo-e1704366110730.png\",\"contentUrl\":\"https:\/\/serradoraplanas.com\/wp-content\/uploads\/2024\/01\/logotipo-e1704366110730.png\",\"width\":100,\"height\":101,\"caption\":\"Serradora Planas\"},\"image\":{\"@id\":\"https:\/\/serradoraplanas.com\/#\/schema\/logo\/image\/\"},\"sameAs\":[\"https:\/\/www.instagram.com\/serradoraplanas\",\"https:\/\/www.youtube.com\/@SerradoraPlanas\"]}]}<\/script>\n<!-- \/ Yoast SEO plugin. -->","yoast_head_json":{"title":"Declaration of accessibility - Serradora Planas","robots":{"index":"index","follow":"follow","max-snippet":"max-snippet:-1","max-image-preview":"max-image-preview:large","max-video-preview":"max-video-preview:-1"},"canonical":"https:\/\/serradoraplanas.com\/en\/declaration-of-accessibility\/","og_locale":"en_US","og_type":"article","og_title":"Declaration of accessibility - Serradora Planas","og_description":"Serveis d\u2019Internet Javajan SL,\u00a0 s\u2019ha comprom\u00e8s a fer accessibles els seus llocs web, de conformitat amb el\u00a0 Real Decreto 1112\/2018, del 7 de setembre, sobre accessibilitat dels llocs web i aplicacions per a dispositius m\u00f2bils, per la qual es trasposa a l&#8217;ordenament jur\u00eddic espanyol la Directiva (UE) 2016\/2102 del Parlamento Europeo y del Consejo. La [&hellip;]","og_url":"https:\/\/serradoraplanas.com\/en\/declaration-of-accessibility\/","og_site_name":"Serradora Planas","article_modified_time":"2024-02-14T14:21:27+00:00","twitter_card":"summary_large_image","twitter_misc":{"Est. reading time":"2 minutes"},"schema":{"@context":"https:\/\/schema.org","@graph":[{"@type":"WebPage","@id":"https:\/\/serradoraplanas.com\/en\/declaration-of-accessibility\/","url":"https:\/\/serradoraplanas.com\/en\/declaration-of-accessibility\/","name":"Declaration of accessibility - Serradora Planas","isPartOf":{"@id":"https:\/\/serradoraplanas.com\/#website"},"datePublished":"2023-11-27T08:21:48+00:00","dateModified":"2024-02-14T14:21:27+00:00","breadcrumb":{"@id":"https:\/\/serradoraplanas.com\/en\/declaration-of-accessibility\/#breadcrumb"},"inLanguage":"en-US","potentialAction":[{"@type":"ReadAction","target":["https:\/\/serradoraplanas.com\/en\/declaration-of-accessibility\/"]}]},{"@type":"BreadcrumbList","@id":"https:\/\/serradoraplanas.com\/en\/declaration-of-accessibility\/#breadcrumb","itemListElement":[{"@type":"ListItem","position":1,"name":"Inici","item":"https:\/\/serradoraplanas.com\/en\/"},{"@type":"ListItem","position":2,"name":"Declaration of accessibility"}]},{"@type":"WebSite","@id":"https:\/\/serradoraplanas.com\/#website","url":"https:\/\/serradoraplanas.com\/","name":"Serradora Planas","description":"SINCE 1945 WORKING ON THE FIRST TRANSFORMATION OF WOOD.","publisher":{"@id":"https:\/\/serradoraplanas.com\/#organization"},"potentialAction":[{"@type":"SearchAction","target":{"@type":"EntryPoint","urlTemplate":"https:\/\/serradoraplanas.com\/?s={search_term_string}"},"query-input":"required name=search_term_string"}],"inLanguage":"en-US"},{"@type":"Organization","@id":"https:\/\/serradoraplanas.com\/#organization","name":"Serradora Planas","url":"https:\/\/serradoraplanas.com\/","logo":{"@type":"ImageObject","inLanguage":"en-US","@id":"https:\/\/serradoraplanas.com\/#\/schema\/logo\/image\/","url":"https:\/\/serradoraplanas.com\/wp-content\/uploads\/2024\/01\/logotipo-e1704366110730.png","contentUrl":"https:\/\/serradoraplanas.com\/wp-content\/uploads\/2024\/01\/logotipo-e1704366110730.png","width":100,"height":101,"caption":"Serradora Planas"},"image":{"@id":"https:\/\/serradoraplanas.com\/#\/schema\/logo\/image\/"},"sameAs":["https:\/\/www.instagram.com\/serradoraplanas","https:\/\/www.youtube.com\/@SerradoraPlanas"]}]}},"_links":{"self":[{"href":"https:\/\/serradoraplanas.com\/en\/wp-json\/wp\/v2\/pages\/12484","targetHints":{"allow":["GET"]}}],"collection":[{"href":"https:\/\/serradoraplanas.com\/en\/wp-json\/wp\/v2\/pages"}],"about":[{"href":"https:\/\/serradoraplanas.com\/en\/wp-json\/wp\/v2\/types\/page"}],"author":[{"embeddable":true,"href":"https:\/\/serradoraplanas.com\/en\/wp-json\/wp\/v2\/users\/1"}],"replies":[{"embeddable":true,"href":"https:\/\/serradoraplanas.com\/en\/wp-json\/wp\/v2\/comments?post=12484"}],"version-history":[{"count":3,"href":"https:\/\/serradoraplanas.com\/en\/wp-json\/wp\/v2\/pages\/12484\/revisions"}],"predecessor-version":[{"id":12608,"href":"https:\/\/serradoraplanas.com\/en\/wp-json\/wp\/v2\/pages\/12484\/revisions\/12608"}],"wp:attachment":[{"href":"https:\/\/serradoraplanas.com\/en\/wp-json\/wp\/v2\/media?parent=12484"}],"curies":[{"name":"wp","href":"https:\/\/api.w.org\/{rel}","templated":true}]}}