{"id":12306,"date":"2023-11-24T09:48:37","date_gmt":"2023-11-24T08:48:37","guid":{"rendered":"https:\/\/serradoraplanas.com\/?page_id=12306"},"modified":"2024-02-14T15:23:52","modified_gmt":"2024-02-14T14:23:52","slug":"politica-de-privacidad","status":"publish","type":"page","link":"https:\/\/serradoraplanas.com\/es\/politica-de-privacidad\/","title":{"rendered":"Pol\u00edtica de privacidad"},"content":{"rendered":"\r\n<p><span style=\"font-weight: 400;\">SERRADORA PLANAS, S.L. est\u00e1 especialmente sensibilizada en la protecci\u00f3n de datos de car\u00e1cter personal de los Usuarios de los servicios del sitio Web. Mediante la presente Pol\u00edtica de Privacidad (en adelante, la Pol\u00edtica) SERRADORA PLANAS, S.L., informa a los USUARIOS de este sitio web, de los usos a los que se someten los datos de car\u00e1cter personal que se recaban en sitio Web, con el fin de que decidan, libre y voluntariamente, si desean facilitar la informaci\u00f3n solicitada.<\/span><\/p>\r\n<p><span style=\"font-weight: 400;\">SERRADORA PLANAS, S.L. se reserva la facultad de modificar esta Pol\u00edtica con el objeto de adaptarla a novedades legislativas, criterios jurisprudenciales, pr\u00e1cticas del sector, o intereses de la entidad. Cualquier modificaci\u00f3n en la misma ser\u00e1 anunciada con la debida antelaci\u00f3n, a fin de que tenga perfecto conocimiento de su contenido.<\/span><\/p>\r\n<h2 class=\"wp-block-heading\">\u00a0<\/h2>\r\n<p><b>RESPONSABLE<\/b><\/p>\r\n<p><span style=\"font-weight: 400;\">El Responsable del Tratamiento de los datos de car\u00e1cter personal es:<\/span><\/p>\r\n<p><span style=\"font-weight: 400;\">Identidad: SERRADORA PLANAS, S.L. con NIF: B55217590, en adelante ENTIDAD<\/span><\/p>\r\n<p><span style=\"font-weight: 400;\">Direcci\u00f3n: CTRA. DE CIURET 10, 17515 &#8211; VIDRA<\/span><\/p>\r\n<p><span style=\"font-weight: 400;\">E-mail: <\/span><a href=\"mailto:serradoraplanas@hotmail.com\"><span style=\"font-weight: 400;\">serradoraplanas@hotmail.com<\/span><\/a><\/p>\r\n<h2>\u00a0<\/h2>\r\n<p><b>DELEGADO DE PROTECCION DE DATOS<\/b><\/p>\r\n<p><span style=\"font-weight: 400;\">Contacto por email: <\/span><a href=\"mailto:info@aemol.com\"><span style=\"font-weight: 400;\">info@aemol.com<\/span><\/a><\/p>\r\n<h2>\u00a0<\/h2>\r\n<p><b>FINALIDAD DEL TRATAMIENTO<\/b><\/p>\r\n<p><span style=\"font-weight: 400;\">La recogida y tratamiento de los datos personales recogidos a trav\u00e9s del formulario de contacto, tiene como finalidad la gesti\u00f3n, administraci\u00f3n, prestaci\u00f3n, ampliaci\u00f3n y mejora de los servicios prestados por SERRADORA PLANAS, S.L., atendiendo a las solicitudes de informaci\u00f3n y\/o consultas planteadas.<\/span><\/p>\r\n<h2>\u00a0<\/h2>\r\n<p><b>PLAZO DE CONSERVACI\u00d3N<\/b><\/p>\r\n<p><span style=\"font-weight: 400;\">Los datos personales proporcionados se conservar\u00e1n durante el plazo correspondiente para cumplir con las obligaciones legales, o hasta que se solicite su supresi\u00f3n por el interesado y este est\u00e9 legitimado para ello.<\/span><\/p>\r\n<h2>\u00a0<\/h2>\r\n<p><b>LEGITIMACI\u00d3N<\/b><\/p>\r\n<p><span style=\"font-weight: 400;\">SERRADORA PLANAS, S.L. est\u00e1 legitimado al tratamiento de datos personales, en base al consentimiento otorgado por el interesado para uno o varios fines espec\u00edficos, tal y como recoge el art\u00edculo 6.1.a) y 6.1.b) del Reglamento General de Protecci\u00f3n de datos personales.<\/span><\/p>\r\n<h2>\u00a0<\/h2>\r\n<p><b>DESTINATARIOS<\/b><\/p>\r\n<p><span style=\"font-weight: 400;\">No ser\u00e1n cedidos o comunicados a otros terceros, salvo en los supuestos necesarios para el desarrollo, control y cumplimiento de la\/s finalidad\/es expresada\/s, en los supuestos previstos seg\u00fan Ley, as\u00ed como en los casos espec\u00edficos, de los que se informe expresamente al Usuario.<\/span><\/p>\r\n<h2>\u00a0<\/h2>\r\n<p><b>DERECHOS DE LOS USUARIOS:<\/b><\/p>\r\n<p><span style=\"font-weight: 400;\">\u00bfCu\u00e1les son sus derechos cuando nos facilita sus datos?<\/span><\/p>\r\n<ul>\r\n<li><span style=\"font-weight: 400;\"><strong>Acceso:<\/strong> El interesado tiene derecho a saber qu\u00e9 datos est\u00e1 tratando la ENTIDAD sobre \u00e9l.<\/span><\/li>\r\n<li><span style=\"font-weight: 400;\"><strong>Rectificaci\u00f3n:<\/strong> El interesado tiene derecho a solicitar la rectificaci\u00f3n de los datos inexactos.<\/span><\/li>\r\n<li><span style=\"font-weight: 400;\"><strong>Supresi\u00f3n:<\/strong> El interesado tiene derecho a solicitar la supresi\u00f3n de sus datos cuando, entre otros motivos, los datos no sean necesarios para los fines que fueron recogidos.<\/span><\/li>\r\n<li><span style=\"font-weight: 400;\"><strong>Limitaci\u00f3n del tratamiento:<\/strong> En determinadas circunstancias el interesado podr\u00e1 solicitar la limitaci\u00f3n del tratamiento de sus datos, en cuyo caso \u00fanicamente los conservaremos para el ejercicio o la defensa de reclamaciones.<\/span><\/li>\r\n<li><span style=\"font-weight: 400;\"><strong>Oposici\u00f3n:<\/strong> En determinadas circunstancias el interesado podr\u00e1 oponerse al tratamiento de sus datos. En ese caso la ENTIDAD dejar\u00e1 de tratar sus datos, salvo por motivos leg\u00edtimos imperiosos o el ejercicio o la defensa de posibles reclamaciones.<\/span><\/li>\r\n<li><span style=\"font-weight: 400;\"><strong>Portabilidad de los datos:<\/strong> S\u00f3lo aplicable a datos automatizados y consiste en pasar los datos desde la ENTIDAD a otro nuevo RESPONSABLE DEL TRATAMIENTO (no al interesado y por solicitud del mismo).<\/span><\/li>\r\n<\/ul>\r\n<h2>\u00a0<\/h2>\r\n<p><span style=\"font-weight: 400;\">Puede usted ejercer sus derechos incluido el derecho a retirar su consentimiento (si este fue otorgado) enviando un escrito acompa\u00f1ado de su DNI a SERRADORA PLANAS, S.L. en CTRA. DE CIURET 10, 17515 &#8211; VIDRA o enviando un e-mail a serradoraplanas@hotmail.com<\/span><\/p>\r\n<p><span style=\"font-weight: 400;\">Adem\u00e1s tiene usted derecho a presentar una reclamaci\u00f3n ante la Autoridad de Control en materia de Protecci\u00f3n de Datos, actualmente la Agencia Espa\u00f1ola de Protecci\u00f3n de Datos.<\/span><\/p>\r\n<h2>\u00a0<\/h2>\r\n<p><b>MEDIDAS DE SEGURIDAD<\/b><\/p>\r\n<p><span style=\"font-weight: 400;\">El responsable del tratamiento SERRADORA PLANAS, S.L. aplicar\u00e1 medidas t\u00e9cnicas y organizativas apropiadas para garantizar un nivel de seguridad adecuado al riesgo del mismo.<\/span><\/p>\r\n<h2>\u00a0<\/h2>\r\n<p><b>TRANSFERENCIAS INTERNACIONALES<\/b><\/p>\r\n<p><span style=\"font-weight: 400;\">No se realizan transferencias internacionales.<\/span><\/p>\r\n<h2>\u00a0<\/h2>\r\n<p><b>PERFILES Y TOMAS DE DECISIONES AUTOMATIZADAS<\/b><\/p>\r\n<p><span style=\"font-weight: 400;\">No se elaboran perfiles y no se toman decisiones automatizadas con los datos facilitados por el usuario.<\/span><\/p>\r\n","protected":false},"excerpt":{"rendered":"<p>SERRADORA PLANAS, S.L. est\u00e1 especialmente sensibilizada en la protecci\u00f3n de datos de car\u00e1cter personal de los Usuarios de los servicios del sitio Web. Mediante la presente Pol\u00edtica de Privacidad (en adelante, la Pol\u00edtica) SERRADORA PLANAS, S.L., informa a los USUARIOS de este sitio web, de los usos a los que se someten los datos de [&hellip;]<\/p>\n","protected":false},"author":1,"featured_media":0,"parent":0,"menu_order":0,"comment_status":"closed","ping_status":"open","template":"","meta":{"footnotes":""},"class_list":["post-12306","page","type-page","status-publish","hentry"],"yoast_head":"<!-- This site is optimized with the Yoast SEO plugin v22.3 - https:\/\/yoast.com\/wordpress\/plugins\/seo\/ -->\n<title>Pol\u00edtica de privacidad - Serradora Planas<\/title>\n<meta name=\"robots\" content=\"index, follow, max-snippet:-1, max-image-preview:large, max-video-preview:-1\" \/>\n<link rel=\"canonical\" href=\"https:\/\/serradoraplanas.com\/es\/politica-de-privacidad\/\" \/>\n<meta property=\"og:locale\" content=\"es_ES\" \/>\n<meta property=\"og:type\" content=\"article\" \/>\n<meta property=\"og:title\" content=\"Pol\u00edtica de privacidad - Serradora Planas\" \/>\n<meta property=\"og:description\" content=\"SERRADORA PLANAS, S.L. est\u00e1 especialmente sensibilizada en la protecci\u00f3n de datos de car\u00e1cter personal de los Usuarios de los servicios del sitio Web. Mediante la presente Pol\u00edtica de Privacidad (en adelante, la Pol\u00edtica) SERRADORA PLANAS, S.L., informa a los USUARIOS de este sitio web, de los usos a los que se someten los datos de [&hellip;]\" \/>\n<meta property=\"og:url\" content=\"https:\/\/serradoraplanas.com\/es\/politica-de-privacidad\/\" \/>\n<meta property=\"og:site_name\" content=\"Serradora Planas\" \/>\n<meta property=\"article:modified_time\" content=\"2024-02-14T14:23:52+00:00\" \/>\n<meta name=\"twitter:card\" content=\"summary_large_image\" \/>\n<meta name=\"twitter:label1\" content=\"Tiempo de lectura\" \/>\n\t<meta name=\"twitter:data1\" content=\"3 minutos\" \/>\n<script type=\"application\/ld+json\" class=\"yoast-schema-graph\">{\"@context\":\"https:\/\/schema.org\",\"@graph\":[{\"@type\":\"WebPage\",\"@id\":\"https:\/\/serradoraplanas.com\/es\/politica-de-privacidad\/\",\"url\":\"https:\/\/serradoraplanas.com\/es\/politica-de-privacidad\/\",\"name\":\"Pol\u00edtica de privacidad - Serradora Planas\",\"isPartOf\":{\"@id\":\"https:\/\/serradoraplanas.com\/#website\"},\"datePublished\":\"2023-11-24T08:48:37+00:00\",\"dateModified\":\"2024-02-14T14:23:52+00:00\",\"breadcrumb\":{\"@id\":\"https:\/\/serradoraplanas.com\/es\/politica-de-privacidad\/#breadcrumb\"},\"inLanguage\":\"es\",\"potentialAction\":[{\"@type\":\"ReadAction\",\"target\":[\"https:\/\/serradoraplanas.com\/es\/politica-de-privacidad\/\"]}]},{\"@type\":\"BreadcrumbList\",\"@id\":\"https:\/\/serradoraplanas.com\/es\/politica-de-privacidad\/#breadcrumb\",\"itemListElement\":[{\"@type\":\"ListItem\",\"position\":1,\"name\":\"Inici\",\"item\":\"https:\/\/serradoraplanas.com\/es\/\"},{\"@type\":\"ListItem\",\"position\":2,\"name\":\"Pol\u00edtica de privacidad\"}]},{\"@type\":\"WebSite\",\"@id\":\"https:\/\/serradoraplanas.com\/#website\",\"url\":\"https:\/\/serradoraplanas.com\/\",\"name\":\"Serradora Planas\",\"description\":\"DESDE 1945 TRABAJANDO LA PRIMERA TRANSFORMACI\u00d3N DE LA MADERA.\",\"publisher\":{\"@id\":\"https:\/\/serradoraplanas.com\/#organization\"},\"potentialAction\":[{\"@type\":\"SearchAction\",\"target\":{\"@type\":\"EntryPoint\",\"urlTemplate\":\"https:\/\/serradoraplanas.com\/?s={search_term_string}\"},\"query-input\":\"required name=search_term_string\"}],\"inLanguage\":\"es\"},{\"@type\":\"Organization\",\"@id\":\"https:\/\/serradoraplanas.com\/#organization\",\"name\":\"Serradora Planas\",\"url\":\"https:\/\/serradoraplanas.com\/\",\"logo\":{\"@type\":\"ImageObject\",\"inLanguage\":\"es\",\"@id\":\"https:\/\/serradoraplanas.com\/#\/schema\/logo\/image\/\",\"url\":\"https:\/\/serradoraplanas.com\/wp-content\/uploads\/2024\/01\/logotipo-e1704366110730.png\",\"contentUrl\":\"https:\/\/serradoraplanas.com\/wp-content\/uploads\/2024\/01\/logotipo-e1704366110730.png\",\"width\":100,\"height\":101,\"caption\":\"Serradora Planas\"},\"image\":{\"@id\":\"https:\/\/serradoraplanas.com\/#\/schema\/logo\/image\/\"},\"sameAs\":[\"https:\/\/www.instagram.com\/serradoraplanas\",\"https:\/\/www.youtube.com\/@SerradoraPlanas\"]}]}<\/script>\n<!-- \/ Yoast SEO plugin. -->","yoast_head_json":{"title":"Pol\u00edtica de privacidad - Serradora Planas","robots":{"index":"index","follow":"follow","max-snippet":"max-snippet:-1","max-image-preview":"max-image-preview:large","max-video-preview":"max-video-preview:-1"},"canonical":"https:\/\/serradoraplanas.com\/es\/politica-de-privacidad\/","og_locale":"es_ES","og_type":"article","og_title":"Pol\u00edtica de privacidad - Serradora Planas","og_description":"SERRADORA PLANAS, S.L. est\u00e1 especialmente sensibilizada en la protecci\u00f3n de datos de car\u00e1cter personal de los Usuarios de los servicios del sitio Web. Mediante la presente Pol\u00edtica de Privacidad (en adelante, la Pol\u00edtica) SERRADORA PLANAS, S.L., informa a los USUARIOS de este sitio web, de los usos a los que se someten los datos de [&hellip;]","og_url":"https:\/\/serradoraplanas.com\/es\/politica-de-privacidad\/","og_site_name":"Serradora Planas","article_modified_time":"2024-02-14T14:23:52+00:00","twitter_card":"summary_large_image","twitter_misc":{"Tiempo de lectura":"3 minutos"},"schema":{"@context":"https:\/\/schema.org","@graph":[{"@type":"WebPage","@id":"https:\/\/serradoraplanas.com\/es\/politica-de-privacidad\/","url":"https:\/\/serradoraplanas.com\/es\/politica-de-privacidad\/","name":"Pol\u00edtica de privacidad - Serradora Planas","isPartOf":{"@id":"https:\/\/serradoraplanas.com\/#website"},"datePublished":"2023-11-24T08:48:37+00:00","dateModified":"2024-02-14T14:23:52+00:00","breadcrumb":{"@id":"https:\/\/serradoraplanas.com\/es\/politica-de-privacidad\/#breadcrumb"},"inLanguage":"es","potentialAction":[{"@type":"ReadAction","target":["https:\/\/serradoraplanas.com\/es\/politica-de-privacidad\/"]}]},{"@type":"BreadcrumbList","@id":"https:\/\/serradoraplanas.com\/es\/politica-de-privacidad\/#breadcrumb","itemListElement":[{"@type":"ListItem","position":1,"name":"Inici","item":"https:\/\/serradoraplanas.com\/es\/"},{"@type":"ListItem","position":2,"name":"Pol\u00edtica de privacidad"}]},{"@type":"WebSite","@id":"https:\/\/serradoraplanas.com\/#website","url":"https:\/\/serradoraplanas.com\/","name":"Serradora Planas","description":"DESDE 1945 TRABAJANDO LA PRIMERA TRANSFORMACI\u00d3N DE LA MADERA.","publisher":{"@id":"https:\/\/serradoraplanas.com\/#organization"},"potentialAction":[{"@type":"SearchAction","target":{"@type":"EntryPoint","urlTemplate":"https:\/\/serradoraplanas.com\/?s={search_term_string}"},"query-input":"required name=search_term_string"}],"inLanguage":"es"},{"@type":"Organization","@id":"https:\/\/serradoraplanas.com\/#organization","name":"Serradora Planas","url":"https:\/\/serradoraplanas.com\/","logo":{"@type":"ImageObject","inLanguage":"es","@id":"https:\/\/serradoraplanas.com\/#\/schema\/logo\/image\/","url":"https:\/\/serradoraplanas.com\/wp-content\/uploads\/2024\/01\/logotipo-e1704366110730.png","contentUrl":"https:\/\/serradoraplanas.com\/wp-content\/uploads\/2024\/01\/logotipo-e1704366110730.png","width":100,"height":101,"caption":"Serradora Planas"},"image":{"@id":"https:\/\/serradoraplanas.com\/#\/schema\/logo\/image\/"},"sameAs":["https:\/\/www.instagram.com\/serradoraplanas","https:\/\/www.youtube.com\/@SerradoraPlanas"]}]}},"_links":{"self":[{"href":"https:\/\/serradoraplanas.com\/es\/wp-json\/wp\/v2\/pages\/12306","targetHints":{"allow":["GET"]}}],"collection":[{"href":"https:\/\/serradoraplanas.com\/es\/wp-json\/wp\/v2\/pages"}],"about":[{"href":"https:\/\/serradoraplanas.com\/es\/wp-json\/wp\/v2\/types\/page"}],"author":[{"embeddable":true,"href":"https:\/\/serradoraplanas.com\/es\/wp-json\/wp\/v2\/users\/1"}],"replies":[{"embeddable":true,"href":"https:\/\/serradoraplanas.com\/es\/wp-json\/wp\/v2\/comments?post=12306"}],"version-history":[{"count":6,"href":"https:\/\/serradoraplanas.com\/es\/wp-json\/wp\/v2\/pages\/12306\/revisions"}],"predecessor-version":[{"id":12314,"href":"https:\/\/serradoraplanas.com\/es\/wp-json\/wp\/v2\/pages\/12306\/revisions\/12314"}],"wp:attachment":[{"href":"https:\/\/serradoraplanas.com\/es\/wp-json\/wp\/v2\/media?parent=12306"}],"curies":[{"name":"wp","href":"https:\/\/api.w.org\/{rel}","templated":true}]}}