{"id":12328,"date":"2023-11-27T09:21:48","date_gmt":"2023-11-27T08:21:48","guid":{"rendered":"https:\/\/serradoraplanas.com\/?page_id=12328"},"modified":"2024-02-14T15:21:38","modified_gmt":"2024-02-14T14:21:38","slug":"declaracion-de-accesibilidad","status":"publish","type":"page","link":"https:\/\/serradoraplanas.com\/es\/declaracion-de-accesibilidad\/","title":{"rendered":"Declaraci\u00f3n de accesibilidad"},"content":{"rendered":"\r\n<p><b>Serveis d\u2019Internet Javajan SL<\/b><span style=\"font-weight: 400;\">,\u00a0 se ha comprometido a hacer accesibles sus sitios web, de conformidad con el <\/span><a href=\"https:\/\/www.boe.es\/buscar\/act.php?id=BOE-A-2018-12699\"><b>Real Decreto 1112\/2018<\/b><\/a><span style=\"font-weight: 400;\">, de 7 de septiembre, sobre accesibilidad de los sitios web y aplicaciones para dispositivos m\u00f3viles, por la que se traspone al ordenamiento jur\u00eddico espa\u00f1ol la <\/span><a href=\"http:\/\/eur-lex.europa.eu\/legal-content\/ES\/TXT\/?uri=uriserv:OJ.L_.2016.327.01.0001.01.SPA&amp;toc=OJ:L:2016:327:FULL\"><span style=\"font-weight: 400;\">Directiva (UE) 2016\/2102 del Parlamento Europeo y del Consejo<\/span><\/a><span style=\"font-weight: 400;\">.<\/span><\/p>\r\n<p><span style=\"font-weight: 400;\">La presente declaraci\u00f3n de accesibilidad se aplica al web <a href=\"https:\/\/serradoraplanas.com\">https:\/\/serradoraplanas.com<\/a><br \/><br \/><\/span><\/p>\r\n<h2 class=\"wp-block-heading\"><span style=\"font-weight: 400;\">Situaci\u00f3n de cumplimiento<\/span><\/h2>\r\n<p><span style=\"font-weight: 400;\">Este sitio web es parcialmente<\/span><b> conforme<\/b><span style=\"font-weight: 400;\"> con el <\/span><a href=\"https:\/\/www.boe.es\/diario_boe\/txt.php?id=BOE-A-2018-12699\"><b>RD 1112\/2018<\/b><\/a><span style=\"font-weight: 400;\"> debido a las excepciones y a la falta de conformidad de los aspectos que se indican a continuaci\u00f3n.<\/span><\/p>\r\n<h2><span style=\"font-weight: 400;\">Contenido no accesible<\/span><\/h2>\r\n<p><span style=\"font-weight: 400;\">El contenido que se recoge a continuaci\u00f3n no es accesible por lo siguiente:<\/span><\/p>\r\n<ol>\r\n<li style=\"font-weight: 400;\" aria-level=\"1\"><b>Falta de conformidad con el RD 1112\/2018<\/b>\r\n<ul>\r\n<li style=\"font-weight: 400;\" aria-level=\"2\"><span style=\"font-weight: 400;\">Debido a la automatizaci\u00f3n de algunas de las publicaciones podr\u00edan existir p\u00e1ginas con un incorrecto anidamiento de etiquetas HTML.<\/span><\/li>\r\n<li style=\"font-weight: 400;\" aria-level=\"2\"><span style=\"font-weight: 400;\">Existen documentos en formato PDF que no cumplen con la normativa.<\/span><\/li>\r\n<li style=\"font-weight: 400;\" aria-level=\"2\"><span style=\"font-weight: 400;\">Podr\u00edan existir fallos puntuales de edici\u00f3n en alguna p\u00e1gina web.<\/span><\/li>\r\n<\/ul>\r\n<\/li>\r\n<li style=\"font-weight: 400;\" aria-level=\"1\"><b>Carga desproporcionada<\/b>\r\n<ul>\r\n<li style=\"font-weight: 400;\" aria-level=\"2\"><span style=\"font-weight: 400;\">No aplica.<\/span><\/li>\r\n<\/ul>\r\n<\/li>\r\n<li style=\"font-weight: 400;\" aria-level=\"1\"><b>Contenido que no entra dentro del \u00e1mbito de la legislaci\u00f3n aplicable<\/b>\r\n<ul>\r\n<li style=\"font-weight: 400;\" aria-level=\"2\"><span style=\"font-weight: 400;\">Archivos ofim\u00e1ticos en PDF u otros formatos, as\u00ed como aplicaciones publicadas antes del 20 de septiembre de 2018 que no cumplan en su totalidad todos los requisitos de accesibilidad.<\/span><\/li>\r\n<li style=\"font-weight: 400;\" aria-level=\"2\"><span style=\"font-weight: 400;\">Contenidos multimedia en directo.<\/span><\/li>\r\n<li style=\"font-weight: 400;\" aria-level=\"2\"><span style=\"font-weight: 400;\">Contenido multimedia pregrabado publicado antes de la entrada en vigor del Real Decreto.<\/span><\/li>\r\n<li style=\"font-weight: 400;\" aria-level=\"2\"><span style=\"font-weight: 400;\">Servicios de mapa en l\u00ednea.<\/span><\/li>\r\n<\/ul>\r\n<\/li>\r\n<\/ol>\r\n<h2><span style=\"font-weight: 400;\">Preparaci\u00f3n de la presente declaraci\u00f3n de accesibilidad<\/span><\/h2>\r\n<p><span style=\"font-weight: 400;\">La presente declaraci\u00f3n fue preparada el 23 de febrero de 2023 y est\u00e1 basada en los Informes de Accesibilidad Web del <\/span><a href=\"https:\/\/administracionelectronica.gob.es\/pae_Home\/pae_Estrategias\/pae_Accesibilidad.html\"><b>Observatorio de Accesibilidad<\/b><\/a><span style=\"font-weight: 400;\">.<br \/><\/span><span style=\"font-weight: 400;\">La fecha de la \u00faltima revisi\u00f3n ha sido el 23 de noviembre de 2023.<\/span><\/p>\r\n<h2><span style=\"font-weight: 400;\">Observaciones y datos de contacto<\/span><\/h2>\r\n<p><span style=\"font-weight: 400;\">Puede realizar <\/span><b>comunicaciones<\/b><span style=\"font-weight: 400;\"> sobre requisitos de accesibilidad (art\u00edculo 10.2 del RD 1112\/2018) como por ejemplo:<\/span><\/p>\r\n<ul>\r\n<li style=\"font-weight: 400;\" aria-level=\"1\"><span style=\"font-weight: 400;\">informar sobre cualquier posible incumplimiento por parte de este sitio web<\/span><\/li>\r\n<li style=\"font-weight: 400;\" aria-level=\"1\"><span style=\"font-weight: 400;\">transmitir otras <\/span><b>dificultades de acceso<\/b><span style=\"font-weight: 400;\"> al contenido<\/span><\/li>\r\n<li style=\"font-weight: 400;\" aria-level=\"1\"><span style=\"font-weight: 400;\">formular cualquier otra <\/span><b>consulta o sugerencia de mejora<\/b><span style=\"font-weight: 400;\"> relativa a la accesibilidad del sitio web<\/span><\/li>\r\n<\/ul>\r\n<p><span style=\"font-weight: 400;\">a trav\u00e9s del correo electr\u00f3nico <\/span><a href=\"mailto:info@javajan.com\"><span style=\"font-weight: 400;\">info@javajan.com<\/span><\/a><span style=\"font-weight: 400;\"> indicando en el asunto el nombre de la p\u00e1gina.<\/span><\/p>\r\n<h2><span style=\"font-weight: 400;\">Contenido opcional<\/span><\/h2>\r\n<p><span style=\"font-weight: 400;\">Este sitio web:<\/span><\/p>\r\n<ul>\r\n<li style=\"font-weight: 400;\" aria-level=\"1\"><span style=\"font-weight: 400;\">Se ha dise\u00f1ado adapt\u00e1ndose a los est\u00e1ndares y normativas vigentes en relaci\u00f3n a la accesibilidad, cumpliendo con los puntos de verificaci\u00f3n de prioridad 2 (AA) definidos en la especificaci\u00f3n de Pautas de Accesibilidad al Contenido en la Web (WCAG 2.1).<\/span><\/li>\r\n<li style=\"font-weight: 400;\" aria-level=\"1\"><span style=\"font-weight: 400;\">Cumple con los requisitos de la Norma <\/span><a href=\"https:\/\/administracionelectronica.gob.es\/pae_Home\/dam\/jcr:2352eaaf-2ee8-4501-a67b-bb682c6de934\/Norma_UNE-EN_301549.pdf\"><span style=\"font-weight: 400;\">UNE-EN 301549 v1.1.2:2015<\/span><\/a><span style=\"font-weight: 400;\">, considerando las excepciones del Real Decreto 1112\/2018.<\/span><\/li>\r\n<li style=\"font-weight: 400;\" aria-level=\"1\"><span style=\"font-weight: 400;\">Est\u00e1 dise\u00f1ado para su correcta visualizaci\u00f3n en dispositivos de escritorio, tablet y m\u00f3viles para una resoluci\u00f3n m\u00ednima de <\/span><b>1280&#215;1024<\/b><span style=\"font-weight: 400;\">.<\/span><\/li>\r\n<li style=\"font-weight: 400;\" aria-level=\"1\"><span style=\"font-weight: 400;\">Se ha realizado utilizando HTML5 como lenguaje de marcado y hojas de estilo CSS 3 para su dise\u00f1o.<\/span><\/li>\r\n<\/ul>\r\n","protected":false},"excerpt":{"rendered":"<p>Serveis d\u2019Internet Javajan SL,\u00a0 se ha comprometido a hacer accesibles sus sitios web, de conformidad con el Real Decreto 1112\/2018, de 7 de septiembre, sobre accesibilidad de los sitios web y aplicaciones para dispositivos m\u00f3viles, por la que se traspone al ordenamiento jur\u00eddico espa\u00f1ol la Directiva (UE) 2016\/2102 del Parlamento Europeo y del Consejo. La [&hellip;]<\/p>\n","protected":false},"author":1,"featured_media":0,"parent":0,"menu_order":0,"comment_status":"closed","ping_status":"open","template":"","meta":{"footnotes":""},"class_list":["post-12328","page","type-page","status-publish","hentry"],"yoast_head":"<!-- This site is optimized with the Yoast SEO plugin v22.3 - https:\/\/yoast.com\/wordpress\/plugins\/seo\/ -->\n<title>Declaraci\u00f3n de accesibilidad - Serradora Planas<\/title>\n<meta name=\"robots\" content=\"index, follow, max-snippet:-1, max-image-preview:large, max-video-preview:-1\" \/>\n<link rel=\"canonical\" href=\"https:\/\/serradoraplanas.com\/es\/declaracion-de-accesibilidad\/\" \/>\n<meta property=\"og:locale\" content=\"es_ES\" \/>\n<meta property=\"og:type\" content=\"article\" \/>\n<meta property=\"og:title\" content=\"Declaraci\u00f3n de accesibilidad - Serradora Planas\" \/>\n<meta property=\"og:description\" content=\"Serveis d\u2019Internet Javajan SL,\u00a0 se ha comprometido a hacer accesibles sus sitios web, de conformidad con el Real Decreto 1112\/2018, de 7 de septiembre, sobre accesibilidad de los sitios web y aplicaciones para dispositivos m\u00f3viles, por la que se traspone al ordenamiento jur\u00eddico espa\u00f1ol la Directiva (UE) 2016\/2102 del Parlamento Europeo y del Consejo. La [&hellip;]\" \/>\n<meta property=\"og:url\" content=\"https:\/\/serradoraplanas.com\/es\/declaracion-de-accesibilidad\/\" \/>\n<meta property=\"og:site_name\" content=\"Serradora Planas\" \/>\n<meta property=\"article:modified_time\" content=\"2024-02-14T14:21:38+00:00\" \/>\n<meta name=\"twitter:card\" content=\"summary_large_image\" \/>\n<meta name=\"twitter:label1\" content=\"Tiempo de lectura\" \/>\n\t<meta name=\"twitter:data1\" content=\"2 minutos\" \/>\n<script type=\"application\/ld+json\" class=\"yoast-schema-graph\">{\"@context\":\"https:\/\/schema.org\",\"@graph\":[{\"@type\":\"WebPage\",\"@id\":\"https:\/\/serradoraplanas.com\/es\/declaracion-de-accesibilidad\/\",\"url\":\"https:\/\/serradoraplanas.com\/es\/declaracion-de-accesibilidad\/\",\"name\":\"Declaraci\u00f3n de accesibilidad - Serradora Planas\",\"isPartOf\":{\"@id\":\"https:\/\/serradoraplanas.com\/#website\"},\"datePublished\":\"2023-11-27T08:21:48+00:00\",\"dateModified\":\"2024-02-14T14:21:38+00:00\",\"breadcrumb\":{\"@id\":\"https:\/\/serradoraplanas.com\/es\/declaracion-de-accesibilidad\/#breadcrumb\"},\"inLanguage\":\"es\",\"potentialAction\":[{\"@type\":\"ReadAction\",\"target\":[\"https:\/\/serradoraplanas.com\/es\/declaracion-de-accesibilidad\/\"]}]},{\"@type\":\"BreadcrumbList\",\"@id\":\"https:\/\/serradoraplanas.com\/es\/declaracion-de-accesibilidad\/#breadcrumb\",\"itemListElement\":[{\"@type\":\"ListItem\",\"position\":1,\"name\":\"Inici\",\"item\":\"https:\/\/serradoraplanas.com\/es\/\"},{\"@type\":\"ListItem\",\"position\":2,\"name\":\"Declaraci\u00f3n de accesibilidad\"}]},{\"@type\":\"WebSite\",\"@id\":\"https:\/\/serradoraplanas.com\/#website\",\"url\":\"https:\/\/serradoraplanas.com\/\",\"name\":\"Serradora Planas\",\"description\":\"DESDE 1945 TRABAJANDO LA PRIMERA TRANSFORMACI\u00d3N DE LA MADERA.\",\"publisher\":{\"@id\":\"https:\/\/serradoraplanas.com\/#organization\"},\"potentialAction\":[{\"@type\":\"SearchAction\",\"target\":{\"@type\":\"EntryPoint\",\"urlTemplate\":\"https:\/\/serradoraplanas.com\/?s={search_term_string}\"},\"query-input\":\"required name=search_term_string\"}],\"inLanguage\":\"es\"},{\"@type\":\"Organization\",\"@id\":\"https:\/\/serradoraplanas.com\/#organization\",\"name\":\"Serradora Planas\",\"url\":\"https:\/\/serradoraplanas.com\/\",\"logo\":{\"@type\":\"ImageObject\",\"inLanguage\":\"es\",\"@id\":\"https:\/\/serradoraplanas.com\/#\/schema\/logo\/image\/\",\"url\":\"https:\/\/serradoraplanas.com\/wp-content\/uploads\/2024\/01\/logotipo-e1704366110730.png\",\"contentUrl\":\"https:\/\/serradoraplanas.com\/wp-content\/uploads\/2024\/01\/logotipo-e1704366110730.png\",\"width\":100,\"height\":101,\"caption\":\"Serradora Planas\"},\"image\":{\"@id\":\"https:\/\/serradoraplanas.com\/#\/schema\/logo\/image\/\"},\"sameAs\":[\"https:\/\/www.instagram.com\/serradoraplanas\",\"https:\/\/www.youtube.com\/@SerradoraPlanas\"]}]}<\/script>\n<!-- \/ Yoast SEO plugin. -->","yoast_head_json":{"title":"Declaraci\u00f3n de accesibilidad - Serradora Planas","robots":{"index":"index","follow":"follow","max-snippet":"max-snippet:-1","max-image-preview":"max-image-preview:large","max-video-preview":"max-video-preview:-1"},"canonical":"https:\/\/serradoraplanas.com\/es\/declaracion-de-accesibilidad\/","og_locale":"es_ES","og_type":"article","og_title":"Declaraci\u00f3n de accesibilidad - Serradora Planas","og_description":"Serveis d\u2019Internet Javajan SL,\u00a0 se ha comprometido a hacer accesibles sus sitios web, de conformidad con el Real Decreto 1112\/2018, de 7 de septiembre, sobre accesibilidad de los sitios web y aplicaciones para dispositivos m\u00f3viles, por la que se traspone al ordenamiento jur\u00eddico espa\u00f1ol la Directiva (UE) 2016\/2102 del Parlamento Europeo y del Consejo. La [&hellip;]","og_url":"https:\/\/serradoraplanas.com\/es\/declaracion-de-accesibilidad\/","og_site_name":"Serradora Planas","article_modified_time":"2024-02-14T14:21:38+00:00","twitter_card":"summary_large_image","twitter_misc":{"Tiempo de lectura":"2 minutos"},"schema":{"@context":"https:\/\/schema.org","@graph":[{"@type":"WebPage","@id":"https:\/\/serradoraplanas.com\/es\/declaracion-de-accesibilidad\/","url":"https:\/\/serradoraplanas.com\/es\/declaracion-de-accesibilidad\/","name":"Declaraci\u00f3n de accesibilidad - Serradora Planas","isPartOf":{"@id":"https:\/\/serradoraplanas.com\/#website"},"datePublished":"2023-11-27T08:21:48+00:00","dateModified":"2024-02-14T14:21:38+00:00","breadcrumb":{"@id":"https:\/\/serradoraplanas.com\/es\/declaracion-de-accesibilidad\/#breadcrumb"},"inLanguage":"es","potentialAction":[{"@type":"ReadAction","target":["https:\/\/serradoraplanas.com\/es\/declaracion-de-accesibilidad\/"]}]},{"@type":"BreadcrumbList","@id":"https:\/\/serradoraplanas.com\/es\/declaracion-de-accesibilidad\/#breadcrumb","itemListElement":[{"@type":"ListItem","position":1,"name":"Inici","item":"https:\/\/serradoraplanas.com\/es\/"},{"@type":"ListItem","position":2,"name":"Declaraci\u00f3n de accesibilidad"}]},{"@type":"WebSite","@id":"https:\/\/serradoraplanas.com\/#website","url":"https:\/\/serradoraplanas.com\/","name":"Serradora Planas","description":"DESDE 1945 TRABAJANDO LA PRIMERA TRANSFORMACI\u00d3N DE LA MADERA.","publisher":{"@id":"https:\/\/serradoraplanas.com\/#organization"},"potentialAction":[{"@type":"SearchAction","target":{"@type":"EntryPoint","urlTemplate":"https:\/\/serradoraplanas.com\/?s={search_term_string}"},"query-input":"required name=search_term_string"}],"inLanguage":"es"},{"@type":"Organization","@id":"https:\/\/serradoraplanas.com\/#organization","name":"Serradora Planas","url":"https:\/\/serradoraplanas.com\/","logo":{"@type":"ImageObject","inLanguage":"es","@id":"https:\/\/serradoraplanas.com\/#\/schema\/logo\/image\/","url":"https:\/\/serradoraplanas.com\/wp-content\/uploads\/2024\/01\/logotipo-e1704366110730.png","contentUrl":"https:\/\/serradoraplanas.com\/wp-content\/uploads\/2024\/01\/logotipo-e1704366110730.png","width":100,"height":101,"caption":"Serradora Planas"},"image":{"@id":"https:\/\/serradoraplanas.com\/#\/schema\/logo\/image\/"},"sameAs":["https:\/\/www.instagram.com\/serradoraplanas","https:\/\/www.youtube.com\/@SerradoraPlanas"]}]}},"_links":{"self":[{"href":"https:\/\/serradoraplanas.com\/es\/wp-json\/wp\/v2\/pages\/12328","targetHints":{"allow":["GET"]}}],"collection":[{"href":"https:\/\/serradoraplanas.com\/es\/wp-json\/wp\/v2\/pages"}],"about":[{"href":"https:\/\/serradoraplanas.com\/es\/wp-json\/wp\/v2\/types\/page"}],"author":[{"embeddable":true,"href":"https:\/\/serradoraplanas.com\/es\/wp-json\/wp\/v2\/users\/1"}],"replies":[{"embeddable":true,"href":"https:\/\/serradoraplanas.com\/es\/wp-json\/wp\/v2\/comments?post=12328"}],"version-history":[{"count":4,"href":"https:\/\/serradoraplanas.com\/es\/wp-json\/wp\/v2\/pages\/12328\/revisions"}],"predecessor-version":[{"id":12332,"href":"https:\/\/serradoraplanas.com\/es\/wp-json\/wp\/v2\/pages\/12328\/revisions\/12332"}],"wp:attachment":[{"href":"https:\/\/serradoraplanas.com\/es\/wp-json\/wp\/v2\/media?parent=12328"}],"curies":[{"name":"wp","href":"https:\/\/api.w.org\/{rel}","templated":true}]}}