{"id":12333,"date":"2023-11-24T16:03:57","date_gmt":"2023-11-24T15:03:57","guid":{"rendered":"https:\/\/serradoraplanas.com\/?page_id=12333"},"modified":"2026-01-30T20:34:17","modified_gmt":"2026-01-30T19:34:17","slug":"sostenibilidad","status":"publish","type":"page","link":"https:\/\/serradoraplanas.com\/es\/sostenibilidad\/","title":{"rendered":"Sostenibilidad"},"content":{"rendered":"\t\t<div data-elementor-type=\"wp-page\" data-elementor-id=\"12333\" class=\"elementor elementor-12333 elementor-11717\">\n\t\t\t\t\t\t\t\t\t<section class=\"elementor-section elementor-top-section elementor-element elementor-element-95349b3 elementor-section-boxed elementor-section-height-default elementor-section-height-default\" data-id=\"95349b3\" data-element_type=\"section\" data-settings=\"{&quot;background_background&quot;:&quot;classic&quot;}\">\n\t\t\t\t\t\t\t<div class=\"elementor-background-overlay\"><\/div>\n\t\t\t\t\t\t\t<div class=\"elementor-container elementor-column-gap-default\">\n\t\t\t\t\t<div class=\"elementor-column elementor-col-100 elementor-top-column elementor-element elementor-element-08b9d29\" data-id=\"08b9d29\" data-element_type=\"column\">\n\t\t\t<div class=\"elementor-widget-wrap elementor-element-populated\">\n\t\t\t\t\t\t\t\t<div class=\"elementor-element elementor-element-0e1e5f2 akin-star-rating--align-center elementor-widget elementor-widget-witr_section_title\" data-id=\"0e1e5f2\" data-element_type=\"widget\" data-widget_type=\"witr_section_title.default\">\n\t\t\t\t<div class=\"elementor-widget-container\">\n\t\t\t\t\t\t\t\t<!-- title center -->\n\t\t\t\t\t<div class=\"witr_section_title\">\n\t\t\t\t\t\t<div class=\"witr_section_title_inner text-center\">\n\n\t\t\t\t\t\t\t<!-- icon position -->\n\t\t\t\t\t\t\t\t\n\t\t\t\t\t\t\t<!-- end icon position -->\n\t\t\t\t\t\t\t\n\t\t\t\t\t\t\n\t\t\t\t\t\t\t<!-- title top -->\n\t\t\t\t\t\t\t\n\n\t\t\t\t\t\t\t<!-- icon position -->\n\t\t\t\t\t\t\t\t\n\t\t\t\t\t\t\t<!-- end icon position -->\n\n\n\t\t\t\t\t\t\t\n\t\t\t\t\t\t\t<!-- title middle -->\n\t\t\t\t\t\t\t\t\t\t\t\t\t\t\t<h3>Por un futuro donde el bosque nos contin\u00fae proporcionando madera<\/h3>\t\t\n\t\t\t\t\t\t\t\t\t\t\t\t\t\t<!-- title bottom -->\n\t\t\t\t\t\t\t\n\t\t\t\t\t\t\t\n\t\t\t\t\t\t\t\n\t\t\t\t\t\t\t\t\t\t\t\t\t\t\n\t\t\t\t\t\t\t<!-- image -->\n\t\t\t\t\t\t\t\t\t\t\t\t\t\t<!-- icon -->\n\t\t\t\t\t\t\t\t\t\t\t\t\t\t\n\t\t\t\t\t\t\t<!-- bar -->\n\t\t\t\t\t\t\t\t\t\t\t\t\t\t\n\t\t\t\t\t\t\t\t<div class=\"witr_bar_main\">\n\t\t\t\t\t\t\t\t\t<div class=\"witr_bar_inner\">\n\t\t\t\t\t\t\t\t\t<\/div>\n\t\t\t\t\t\t\t\t<\/div>\n\t\t\t\t\t\t\t\t\t\t\t\t\t\t<!-- circle bar -->\n\t\t\t\t\t\t\t\t\t\t\t\t\t\t\n\t\t\t\t\t\t\t\t\n\t\t\t\t\t\t\t\n\n\t\t\t\t\t\t\t\n\t\t\t\t\t\t\t<!-- content -->\n\t\t\t\t\t\t\t\t\t\t\t\t\t\t\n\t\t\t\t\t\t<\/div>\n\t\t\t\t\t\t\t<!-- inner title -->\n\t\t\t\t\t\t\t\t\t\t\t\t\t\n\t\t\t\t\t<\/div>\n\n\t\t\t\t\t\t<\/div>\n\t\t\t\t<\/div>\n\t\t\t\t\t<\/div>\n\t\t<\/div>\n\t\t\t\t\t\t\t<\/div>\n\t\t<\/section>\n\t\t<div class=\"elementor-element elementor-element-3d2af4b e-flex e-con-boxed e-con e-parent\" data-id=\"3d2af4b\" data-element_type=\"container\" data-settings=\"{&quot;content_width&quot;:&quot;boxed&quot;}\" data-core-v316-plus=\"true\">\n\t\t\t\t\t<div class=\"e-con-inner\">\n\t\t<div class=\"elementor-element elementor-element-0259a26 e-con-full e-flex e-con e-child\" data-id=\"0259a26\" data-element_type=\"container\" data-settings=\"{&quot;content_width&quot;:&quot;full&quot;}\">\n\t\t\t\t<div class=\"elementor-element elementor-element-f4451df elementor-widget elementor-widget-text-editor\" data-id=\"f4451df\" data-element_type=\"widget\" data-widget_type=\"text-editor.default\">\n\t\t\t\t<div class=\"elementor-widget-container\">\n\t\t\t<style>\/*! elementor - v3.17.0 - 08-11-2023 *\/\n.elementor-widget-text-editor.elementor-drop-cap-view-stacked .elementor-drop-cap{background-color:#69727d;color:#fff}.elementor-widget-text-editor.elementor-drop-cap-view-framed .elementor-drop-cap{color:#69727d;border:3px solid;background-color:transparent}.elementor-widget-text-editor:not(.elementor-drop-cap-view-default) .elementor-drop-cap{margin-top:8px}.elementor-widget-text-editor:not(.elementor-drop-cap-view-default) .elementor-drop-cap-letter{width:1em;height:1em}.elementor-widget-text-editor .elementor-drop-cap{float:left;text-align:center;line-height:1;font-size:50px}.elementor-widget-text-editor .elementor-drop-cap-letter{display:inline-block}<\/style>\t\t\t\t<p style=\"text-align: center;\">Una de las principales convicciones que tenemos a la Serradora Planas, es la sostenibilidad.<\/p><p style=\"text-align: center;\">Desde hace muchos a\u00f1os, hemos estado trabajando con la preocupaci\u00f3n constante de ofrecer un producto de alta calidad, adoptando un enfoque sostenible y ecol\u00f3gico, que preserve el medio ambiente, la econom\u00eda del sector y el bienestar de las futuras generaciones.<\/p><p style=\"text-align: center;\">Es por eso que en 2005, apostamos por la certificaci\u00f3n PEFC. A\u00f1os m\u00e1s tarde, tambi\u00e9n conseguimos los certificados FSC y Catforest. De este modo, garantizamos que todos nuestros productos proceden de bosques gestionados de forma sostenible y fuentes controladas.<\/p>\t\t\t\t\t\t<\/div>\n\t\t\t\t<\/div>\n\t\t\t\t<\/div>\n\t\t\t\t\t<\/div>\n\t\t\t\t<\/div>\n\t\t\t\t<section class=\"elementor-section elementor-top-section elementor-element elementor-element-2e2a3382 elementor-section-boxed elementor-section-height-default elementor-section-height-default\" data-id=\"2e2a3382\" data-element_type=\"section\" data-settings=\"{&quot;background_background&quot;:&quot;classic&quot;}\">\n\t\t\t\t\t\t<div class=\"elementor-container elementor-column-gap-default\">\n\t\t\t\t\t<div class=\"elementor-column elementor-col-100 elementor-top-column elementor-element elementor-element-6fefb02d\" data-id=\"6fefb02d\" data-element_type=\"column\">\n\t\t\t<div class=\"elementor-widget-wrap elementor-element-populated\">\n\t\t\t\t\t\t\t\t<div class=\"elementor-element elementor-element-b3138c5 elementor-widget elementor-widget-image\" data-id=\"b3138c5\" data-element_type=\"widget\" data-widget_type=\"image.default\">\n\t\t\t\t<div class=\"elementor-widget-container\">\n\t\t\t<style>\/*! elementor - v3.17.0 - 08-11-2023 *\/\n.elementor-widget-image{text-align:center}.elementor-widget-image a{display:inline-block}.elementor-widget-image a img[src$=\".svg\"]{width:48px}.elementor-widget-image img{vertical-align:middle;display:inline-block}<\/style>\t\t\t\t\t\t\t\t\t\t\t\t<img fetchpriority=\"high\" decoding=\"async\" width=\"1800\" height=\"1200\" src=\"https:\/\/serradoraplanas.com\/wp-content\/uploads\/2023\/11\/certificacio2.jpg\" class=\"attachment-full size-full wp-image-11746\" alt=\"\" srcset=\"https:\/\/serradoraplanas.com\/wp-content\/uploads\/2023\/11\/certificacio2.jpg 1800w, https:\/\/serradoraplanas.com\/wp-content\/uploads\/2023\/11\/certificacio2-300x200.jpg 300w, https:\/\/serradoraplanas.com\/wp-content\/uploads\/2023\/11\/certificacio2-1024x683.jpg 1024w, https:\/\/serradoraplanas.com\/wp-content\/uploads\/2023\/11\/certificacio2-768x512.jpg 768w, https:\/\/serradoraplanas.com\/wp-content\/uploads\/2023\/11\/certificacio2-1536x1024.jpg 1536w\" sizes=\"(max-width: 1800px) 100vw, 1800px\" \/>\t\t\t\t\t\t\t\t\t\t\t\t\t\t\t<\/div>\n\t\t\t\t<\/div>\n\t\t\t\t<div class=\"elementor-element elementor-element-1d6678f elementor-widget elementor-widget-text-editor\" data-id=\"1d6678f\" data-element_type=\"widget\" data-widget_type=\"text-editor.default\">\n\t\t\t\t<div class=\"elementor-widget-container\">\n\t\t\t\t\t\t\t<p style=\"text-align: center;\">Adem\u00e1s, la empresa tambi\u00e9n tiene en propiedad una finca con certificado PEFC de poco m\u00e1s de 70 hect\u00e1reas. Sabemos que el bosque, con una buena gesti\u00f3n forestal sostenible, tiene un papel muy importante para el medio ambiente.<\/p>\t\t\t\t\t\t<\/div>\n\t\t\t\t<\/div>\n\t\t\t\t<div class=\"elementor-element elementor-element-f092ee1 elementor-widget elementor-widget-image\" data-id=\"f092ee1\" data-element_type=\"widget\" data-widget_type=\"image.default\">\n\t\t\t\t<div class=\"elementor-widget-container\">\n\t\t\t\t\t\t\t\t\t\t\t\t\t\t\t<img decoding=\"async\" width=\"1800\" height=\"1200\" src=\"https:\/\/serradoraplanas.com\/wp-content\/uploads\/2023\/11\/certificacio3.jpg\" class=\"attachment-full size-full wp-image-11747\" alt=\"\" srcset=\"https:\/\/serradoraplanas.com\/wp-content\/uploads\/2023\/11\/certificacio3.jpg 1800w, https:\/\/serradoraplanas.com\/wp-content\/uploads\/2023\/11\/certificacio3-300x200.jpg 300w, https:\/\/serradoraplanas.com\/wp-content\/uploads\/2023\/11\/certificacio3-1024x683.jpg 1024w, https:\/\/serradoraplanas.com\/wp-content\/uploads\/2023\/11\/certificacio3-768x512.jpg 768w, https:\/\/serradoraplanas.com\/wp-content\/uploads\/2023\/11\/certificacio3-1536x1024.jpg 1536w\" sizes=\"(max-width: 1800px) 100vw, 1800px\" \/>\t\t\t\t\t\t\t\t\t\t\t\t\t\t\t<\/div>\n\t\t\t\t<\/div>\n\t\t\t\t<div class=\"elementor-element elementor-element-99a789f elementor-widget elementor-widget-text-editor\" data-id=\"99a789f\" data-element_type=\"widget\" data-widget_type=\"text-editor.default\">\n\t\t\t\t<div class=\"elementor-widget-container\">\n\t\t\t\t\t\t\t<p style=\"text-align: center;\">Nuestros certificados son:<\/p>\t\t\t\t\t\t<\/div>\n\t\t\t\t<\/div>\n\t\t\t\t\t<\/div>\n\t\t<\/div>\n\t\t\t\t\t\t\t<\/div>\n\t\t<\/section>\n\t\t<div class=\"elementor-element elementor-element-231a27b2 e-flex e-con-boxed e-con e-parent\" data-id=\"231a27b2\" data-element_type=\"container\" data-settings=\"{&quot;content_width&quot;:&quot;boxed&quot;}\" data-core-v316-plus=\"true\">\n\t\t\t\t\t<div class=\"e-con-inner\">\n\t\t<div class=\"elementor-element elementor-element-2b3c031 e-con-full e-flex e-con e-child\" data-id=\"2b3c031\" data-element_type=\"container\" data-settings=\"{&quot;content_width&quot;:&quot;full&quot;}\">\n\t\t\t\t<div class=\"elementor-element elementor-element-156973cc elementor-widget elementor-widget-image\" data-id=\"156973cc\" data-element_type=\"widget\" data-widget_type=\"image.default\">\n\t\t\t\t<div class=\"elementor-widget-container\">\n\t\t\t\t\t\t\t\t\t\t\t\t\t\t\t\t<a href=\"https:\/\/www.pefc.org\/\" target=\"_blank\">\n\t\t\t\t\t\t\t<img decoding=\"async\" src=\"https:\/\/serradoraplanas.com\/wp-content\/uploads\/elementor\/thumbs\/PEFC-qjspzxlviunoc0ypbjrztp4imnjxor2dulvkbxrtye.jpg\" title=\"PEFC\" alt=\"PEFC\" loading=\"lazy\" \/>\t\t\t\t\t\t\t\t<\/a>\n\t\t\t\t\t\t\t\t\t\t\t\t\t\t\t<\/div>\n\t\t\t\t<\/div>\n\t\t\t\t<\/div>\n\t\t<div class=\"elementor-element elementor-element-1d81524e e-con-full e-flex e-con e-child\" data-id=\"1d81524e\" data-element_type=\"container\" data-settings=\"{&quot;content_width&quot;:&quot;full&quot;}\">\n\t\t\t\t<div class=\"elementor-element elementor-element-4c90203d elementor-widget elementor-widget-image\" data-id=\"4c90203d\" data-element_type=\"widget\" data-widget_type=\"image.default\">\n\t\t\t\t<div class=\"elementor-widget-container\">\n\t\t\t\t\t\t\t\t\t\t\t\t\t\t\t\t<a href=\"https:\/\/fsc.org\/en\" target=\"_blank\">\n\t\t\t\t\t\t\t<img decoding=\"async\" width=\"150\" height=\"181\" src=\"https:\/\/serradoraplanas.com\/wp-content\/uploads\/2024\/02\/FSC-1.jpg\" class=\"attachment-medium size-medium wp-image-13310\" alt=\"\" \/>\t\t\t\t\t\t\t\t<\/a>\n\t\t\t\t\t\t\t\t\t\t\t\t\t\t\t<\/div>\n\t\t\t\t<\/div>\n\t\t\t\t<\/div>\n\t\t<div class=\"elementor-element elementor-element-6bf938b4 e-con-full e-flex e-con e-child\" data-id=\"6bf938b4\" data-element_type=\"container\" data-settings=\"{&quot;content_width&quot;:&quot;full&quot;}\">\n\t\t\t\t<div class=\"elementor-element elementor-element-5630d195 elementor-widget elementor-widget-image\" data-id=\"5630d195\" data-element_type=\"widget\" data-widget_type=\"image.default\">\n\t\t\t\t<div class=\"elementor-widget-container\">\n\t\t\t\t\t\t\t\t\t\t\t\t\t\t\t\t<a href=\"https:\/\/catforest.cat\/\" target=\"_blank\">\n\t\t\t\t\t\t\t<img loading=\"lazy\" decoding=\"async\" width=\"300\" height=\"172\" src=\"https:\/\/serradoraplanas.com\/wp-content\/uploads\/2023\/11\/logo-catforest-e1700839657389-300x172.jpg\" class=\"attachment-medium size-medium wp-image-11754\" alt=\"\" srcset=\"https:\/\/serradoraplanas.com\/wp-content\/uploads\/2023\/11\/logo-catforest-e1700839657389-300x172.jpg 300w, https:\/\/serradoraplanas.com\/wp-content\/uploads\/2023\/11\/logo-catforest-e1700839657389.jpg 600w\" sizes=\"(max-width: 300px) 100vw, 300px\" \/>\t\t\t\t\t\t\t\t<\/a>\n\t\t\t\t\t\t\t\t\t\t\t\t\t\t\t<\/div>\n\t\t\t\t<\/div>\n\t\t\t\t<\/div>\n\t\t\t\t\t<\/div>\n\t\t\t\t<\/div>\n\t\t\t\t\t\t\t<\/div>\n\t\t","protected":false},"excerpt":{"rendered":"<p>Por un futuro donde el bosque nos contin\u00fae proporcionando madera Una de las principales convicciones que tenemos a la Serradora Planas, es la sostenibilidad. Desde hace muchos a\u00f1os, hemos estado trabajando con la preocupaci\u00f3n constante de ofrecer un producto de alta calidad, adoptando un enfoque sostenible y ecol\u00f3gico, que preserve el medio ambiente, la econom\u00eda [&hellip;]<\/p>\n","protected":false},"author":1,"featured_media":0,"parent":0,"menu_order":0,"comment_status":"closed","ping_status":"closed","template":"","meta":{"footnotes":""},"class_list":["post-12333","page","type-page","status-publish","hentry"],"yoast_head":"<!-- This site is optimized with the Yoast SEO plugin v22.3 - https:\/\/yoast.com\/wordpress\/plugins\/seo\/ -->\n<title>Madera Ecol\u00f3gica y Sostenible | Certificaciones<\/title>\n<meta name=\"description\" content=\"Comprometidos con el medio ambiente, ofrecemos madera producida de manera sostenible. Calidad sin comprometer el planeta.\" \/>\n<meta name=\"robots\" content=\"index, follow, max-snippet:-1, max-image-preview:large, max-video-preview:-1\" \/>\n<link rel=\"canonical\" href=\"https:\/\/serradoraplanas.com\/es\/sostenibilidad\/\" \/>\n<meta property=\"og:locale\" content=\"es_ES\" \/>\n<meta property=\"og:type\" content=\"article\" \/>\n<meta property=\"og:title\" content=\"Madera Ecol\u00f3gica y Sostenible | Certificaciones\" \/>\n<meta property=\"og:description\" content=\"Comprometidos con el medio ambiente, ofrecemos madera producida de manera sostenible. Calidad sin comprometer el planeta.\" \/>\n<meta property=\"og:url\" content=\"https:\/\/serradoraplanas.com\/es\/sostenibilidad\/\" \/>\n<meta property=\"og:site_name\" content=\"Serradora Planas\" \/>\n<meta property=\"article:modified_time\" content=\"2026-01-30T19:34:17+00:00\" \/>\n<meta property=\"og:image\" content=\"https:\/\/serradoraplanas.com\/wp-content\/uploads\/2023\/11\/certificacio2.jpg\" \/>\n<meta name=\"twitter:card\" content=\"summary_large_image\" \/>\n<meta name=\"twitter:label1\" content=\"Tiempo de lectura\" \/>\n\t<meta name=\"twitter:data1\" content=\"2 minutos\" \/>\n<script type=\"application\/ld+json\" class=\"yoast-schema-graph\">{\"@context\":\"https:\/\/schema.org\",\"@graph\":[{\"@type\":\"WebPage\",\"@id\":\"https:\/\/serradoraplanas.com\/es\/sostenibilidad\/\",\"url\":\"https:\/\/serradoraplanas.com\/es\/sostenibilidad\/\",\"name\":\"Madera Ecol\u00f3gica y Sostenible | Certificaciones\",\"isPartOf\":{\"@id\":\"https:\/\/serradoraplanas.com\/#website\"},\"primaryImageOfPage\":{\"@id\":\"https:\/\/serradoraplanas.com\/es\/sostenibilidad\/#primaryimage\"},\"image\":{\"@id\":\"https:\/\/serradoraplanas.com\/es\/sostenibilidad\/#primaryimage\"},\"thumbnailUrl\":\"https:\/\/serradoraplanas.com\/wp-content\/uploads\/2023\/11\/certificacio2.jpg\",\"datePublished\":\"2023-11-24T15:03:57+00:00\",\"dateModified\":\"2026-01-30T19:34:17+00:00\",\"description\":\"Comprometidos con el medio ambiente, ofrecemos madera producida de manera sostenible. Calidad sin comprometer el planeta.\",\"breadcrumb\":{\"@id\":\"https:\/\/serradoraplanas.com\/es\/sostenibilidad\/#breadcrumb\"},\"inLanguage\":\"es\",\"potentialAction\":[{\"@type\":\"ReadAction\",\"target\":[\"https:\/\/serradoraplanas.com\/es\/sostenibilidad\/\"]}]},{\"@type\":\"ImageObject\",\"inLanguage\":\"es\",\"@id\":\"https:\/\/serradoraplanas.com\/es\/sostenibilidad\/#primaryimage\",\"url\":\"https:\/\/serradoraplanas.com\/wp-content\/uploads\/2023\/11\/certificacio2.jpg\",\"contentUrl\":\"https:\/\/serradoraplanas.com\/wp-content\/uploads\/2023\/11\/certificacio2.jpg\",\"width\":1800,\"height\":1200},{\"@type\":\"BreadcrumbList\",\"@id\":\"https:\/\/serradoraplanas.com\/es\/sostenibilidad\/#breadcrumb\",\"itemListElement\":[{\"@type\":\"ListItem\",\"position\":1,\"name\":\"Inici\",\"item\":\"https:\/\/serradoraplanas.com\/es\/\"},{\"@type\":\"ListItem\",\"position\":2,\"name\":\"Sostenibilidad\"}]},{\"@type\":\"WebSite\",\"@id\":\"https:\/\/serradoraplanas.com\/#website\",\"url\":\"https:\/\/serradoraplanas.com\/\",\"name\":\"Serradora Planas\",\"description\":\"DESDE 1945 TRABAJANDO LA PRIMERA TRANSFORMACI\u00d3N DE LA MADERA.\",\"publisher\":{\"@id\":\"https:\/\/serradoraplanas.com\/#organization\"},\"potentialAction\":[{\"@type\":\"SearchAction\",\"target\":{\"@type\":\"EntryPoint\",\"urlTemplate\":\"https:\/\/serradoraplanas.com\/?s={search_term_string}\"},\"query-input\":\"required name=search_term_string\"}],\"inLanguage\":\"es\"},{\"@type\":\"Organization\",\"@id\":\"https:\/\/serradoraplanas.com\/#organization\",\"name\":\"Serradora Planas\",\"url\":\"https:\/\/serradoraplanas.com\/\",\"logo\":{\"@type\":\"ImageObject\",\"inLanguage\":\"es\",\"@id\":\"https:\/\/serradoraplanas.com\/#\/schema\/logo\/image\/\",\"url\":\"https:\/\/serradoraplanas.com\/wp-content\/uploads\/2024\/01\/logotipo-e1704366110730.png\",\"contentUrl\":\"https:\/\/serradoraplanas.com\/wp-content\/uploads\/2024\/01\/logotipo-e1704366110730.png\",\"width\":100,\"height\":101,\"caption\":\"Serradora Planas\"},\"image\":{\"@id\":\"https:\/\/serradoraplanas.com\/#\/schema\/logo\/image\/\"},\"sameAs\":[\"https:\/\/www.instagram.com\/serradoraplanas\",\"https:\/\/www.youtube.com\/@SerradoraPlanas\"]}]}<\/script>\n<!-- \/ Yoast SEO plugin. -->","yoast_head_json":{"title":"Madera Ecol\u00f3gica y Sostenible | Certificaciones","description":"Comprometidos con el medio ambiente, ofrecemos madera producida de manera sostenible. Calidad sin comprometer el planeta.","robots":{"index":"index","follow":"follow","max-snippet":"max-snippet:-1","max-image-preview":"max-image-preview:large","max-video-preview":"max-video-preview:-1"},"canonical":"https:\/\/serradoraplanas.com\/es\/sostenibilidad\/","og_locale":"es_ES","og_type":"article","og_title":"Madera Ecol\u00f3gica y Sostenible | Certificaciones","og_description":"Comprometidos con el medio ambiente, ofrecemos madera producida de manera sostenible. Calidad sin comprometer el planeta.","og_url":"https:\/\/serradoraplanas.com\/es\/sostenibilidad\/","og_site_name":"Serradora Planas","article_modified_time":"2026-01-30T19:34:17+00:00","og_image":[{"url":"https:\/\/serradoraplanas.com\/wp-content\/uploads\/2023\/11\/certificacio2.jpg"}],"twitter_card":"summary_large_image","twitter_misc":{"Tiempo de lectura":"2 minutos"},"schema":{"@context":"https:\/\/schema.org","@graph":[{"@type":"WebPage","@id":"https:\/\/serradoraplanas.com\/es\/sostenibilidad\/","url":"https:\/\/serradoraplanas.com\/es\/sostenibilidad\/","name":"Madera Ecol\u00f3gica y Sostenible | Certificaciones","isPartOf":{"@id":"https:\/\/serradoraplanas.com\/#website"},"primaryImageOfPage":{"@id":"https:\/\/serradoraplanas.com\/es\/sostenibilidad\/#primaryimage"},"image":{"@id":"https:\/\/serradoraplanas.com\/es\/sostenibilidad\/#primaryimage"},"thumbnailUrl":"https:\/\/serradoraplanas.com\/wp-content\/uploads\/2023\/11\/certificacio2.jpg","datePublished":"2023-11-24T15:03:57+00:00","dateModified":"2026-01-30T19:34:17+00:00","description":"Comprometidos con el medio ambiente, ofrecemos madera producida de manera sostenible. Calidad sin comprometer el planeta.","breadcrumb":{"@id":"https:\/\/serradoraplanas.com\/es\/sostenibilidad\/#breadcrumb"},"inLanguage":"es","potentialAction":[{"@type":"ReadAction","target":["https:\/\/serradoraplanas.com\/es\/sostenibilidad\/"]}]},{"@type":"ImageObject","inLanguage":"es","@id":"https:\/\/serradoraplanas.com\/es\/sostenibilidad\/#primaryimage","url":"https:\/\/serradoraplanas.com\/wp-content\/uploads\/2023\/11\/certificacio2.jpg","contentUrl":"https:\/\/serradoraplanas.com\/wp-content\/uploads\/2023\/11\/certificacio2.jpg","width":1800,"height":1200},{"@type":"BreadcrumbList","@id":"https:\/\/serradoraplanas.com\/es\/sostenibilidad\/#breadcrumb","itemListElement":[{"@type":"ListItem","position":1,"name":"Inici","item":"https:\/\/serradoraplanas.com\/es\/"},{"@type":"ListItem","position":2,"name":"Sostenibilidad"}]},{"@type":"WebSite","@id":"https:\/\/serradoraplanas.com\/#website","url":"https:\/\/serradoraplanas.com\/","name":"Serradora Planas","description":"DESDE 1945 TRABAJANDO LA PRIMERA TRANSFORMACI\u00d3N DE LA MADERA.","publisher":{"@id":"https:\/\/serradoraplanas.com\/#organization"},"potentialAction":[{"@type":"SearchAction","target":{"@type":"EntryPoint","urlTemplate":"https:\/\/serradoraplanas.com\/?s={search_term_string}"},"query-input":"required name=search_term_string"}],"inLanguage":"es"},{"@type":"Organization","@id":"https:\/\/serradoraplanas.com\/#organization","name":"Serradora Planas","url":"https:\/\/serradoraplanas.com\/","logo":{"@type":"ImageObject","inLanguage":"es","@id":"https:\/\/serradoraplanas.com\/#\/schema\/logo\/image\/","url":"https:\/\/serradoraplanas.com\/wp-content\/uploads\/2024\/01\/logotipo-e1704366110730.png","contentUrl":"https:\/\/serradoraplanas.com\/wp-content\/uploads\/2024\/01\/logotipo-e1704366110730.png","width":100,"height":101,"caption":"Serradora Planas"},"image":{"@id":"https:\/\/serradoraplanas.com\/#\/schema\/logo\/image\/"},"sameAs":["https:\/\/www.instagram.com\/serradoraplanas","https:\/\/www.youtube.com\/@SerradoraPlanas"]}]}},"_links":{"self":[{"href":"https:\/\/serradoraplanas.com\/es\/wp-json\/wp\/v2\/pages\/12333","targetHints":{"allow":["GET"]}}],"collection":[{"href":"https:\/\/serradoraplanas.com\/es\/wp-json\/wp\/v2\/pages"}],"about":[{"href":"https:\/\/serradoraplanas.com\/es\/wp-json\/wp\/v2\/types\/page"}],"author":[{"embeddable":true,"href":"https:\/\/serradoraplanas.com\/es\/wp-json\/wp\/v2\/users\/1"}],"replies":[{"embeddable":true,"href":"https:\/\/serradoraplanas.com\/es\/wp-json\/wp\/v2\/comments?post=12333"}],"version-history":[{"count":46,"href":"https:\/\/serradoraplanas.com\/es\/wp-json\/wp\/v2\/pages\/12333\/revisions"}],"predecessor-version":[{"id":14239,"href":"https:\/\/serradoraplanas.com\/es\/wp-json\/wp\/v2\/pages\/12333\/revisions\/14239"}],"wp:attachment":[{"href":"https:\/\/serradoraplanas.com\/es\/wp-json\/wp\/v2\/media?parent=12333"}],"curies":[{"name":"wp","href":"https:\/\/api.w.org\/{rel}","templated":true}]}}