{"id":12338,"date":"2020-06-10T18:03:45","date_gmt":"2020-06-10T16:03:45","guid":{"rendered":"https:\/\/serradoraplanas.com\/?page_id=12338"},"modified":"2026-01-30T20:37:47","modified_gmt":"2026-01-30T19:37:47","slug":"contacto","status":"publish","type":"page","link":"https:\/\/serradoraplanas.com\/es\/contacto\/","title":{"rendered":"Contacto"},"content":{"rendered":"\t\t<div data-elementor-type=\"wp-page\" data-elementor-id=\"12338\" class=\"elementor elementor-12338 elementor-415\">\n\t\t\t\t\t\t\t\t\t<section class=\"elementor-section elementor-top-section elementor-element elementor-element-1474e68 elementor-section-full_width elementor-section-height-default elementor-section-height-default\" data-id=\"1474e68\" data-element_type=\"section\">\n\t\t\t\t\t\t<div class=\"elementor-container elementor-column-gap-no\">\n\t\t\t\t\t<div class=\"elementor-column elementor-col-100 elementor-top-column elementor-element elementor-element-5e34b4f\" data-id=\"5e34b4f\" data-element_type=\"column\">\n\t\t\t<div class=\"elementor-widget-wrap elementor-element-populated\">\n\t\t\t\t\t\t\t\t<div class=\"elementor-element elementor-element-6434e33 elementor-widget elementor-widget-image\" data-id=\"6434e33\" data-element_type=\"widget\" data-widget_type=\"image.default\">\n\t\t\t\t<div class=\"elementor-widget-container\">\n\t\t\t<style>\/*! elementor - v3.17.0 - 08-11-2023 *\/\n.elementor-widget-image{text-align:center}.elementor-widget-image a{display:inline-block}.elementor-widget-image a img[src$=\".svg\"]{width:48px}.elementor-widget-image img{vertical-align:middle;display:inline-block}<\/style>\t\t\t\t\t\t\t\t\t\t\t\t<img fetchpriority=\"high\" decoding=\"async\" width=\"1024\" height=\"546\" src=\"https:\/\/serradoraplanas.com\/wp-content\/uploads\/2024\/09\/portadacontacte-3-1024x546.jpg\" class=\"attachment-large size-large wp-image-13881\" alt=\"\" srcset=\"https:\/\/serradoraplanas.com\/wp-content\/uploads\/2024\/09\/portadacontacte-3-1024x546.jpg 1024w, https:\/\/serradoraplanas.com\/wp-content\/uploads\/2024\/09\/portadacontacte-3-300x160.jpg 300w, https:\/\/serradoraplanas.com\/wp-content\/uploads\/2024\/09\/portadacontacte-3-768x409.jpg 768w, https:\/\/serradoraplanas.com\/wp-content\/uploads\/2024\/09\/portadacontacte-3-1536x818.jpg 1536w, https:\/\/serradoraplanas.com\/wp-content\/uploads\/2024\/09\/portadacontacte-3.jpg 1800w\" sizes=\"(max-width: 1024px) 100vw, 1024px\" \/>\t\t\t\t\t\t\t\t\t\t\t\t\t\t\t<\/div>\n\t\t\t\t<\/div>\n\t\t\t\t\t<\/div>\n\t\t<\/div>\n\t\t\t\t\t\t\t<\/div>\n\t\t<\/section>\n\t\t\t\t<section class=\"elementor-section elementor-top-section elementor-element elementor-element-20b0895 elementor-section-boxed elementor-section-height-default elementor-section-height-default\" data-id=\"20b0895\" data-element_type=\"section\">\n\t\t\t\t\t\t<div class=\"elementor-container elementor-column-gap-default\">\n\t\t\t\t\t<div class=\"elementor-column elementor-col-33 elementor-top-column elementor-element elementor-element-9620818\" data-id=\"9620818\" data-element_type=\"column\">\n\t\t\t<div class=\"elementor-widget-wrap elementor-element-populated\">\n\t\t\t\t\t\t\t\t<div class=\"elementor-element elementor-element-5b6be5d elementor-widget elementor-widget-witr_section_service\" data-id=\"5b6be5d\" data-element_type=\"widget\" data-widget_type=\"witr_section_service.default\">\n\t\t\t\t<div class=\"elementor-widget-container\">\n\t\t\t\t\t\n\t\t\t<div class=\"service-item all_color_service  text-center  \">\n\t\t\t\t<div class=\"service_top_image\">\n\t\t\t\t\t<!-- image -->\n\t\t\t\t\t\t\t\t\n\t\t\t\t<\/div>\n\t\t\t\t<div class=\"text_box all_icon_color\">\n\t\t\t\t\t<!-- icon -->\n\t\t\t\t\t\t\t\t\t\t\t<i class=\"flaticon flaticon-map\"><\/i>\n\t\t\t\t\t\t\t\t\t\t<!-- custom icon -->\n\t\t\t\t\t\t\t\t\t\n\t\t\t\t\t<!-- image -->\n\t\t\t\t\t\t\n\t\t\t\t\t<!-- title -->\n\t\t\t\t\t\t\t\t\t\t \n\t\t\t\t\t\t<h3><a href=\"https:\/\/www.google.com\/search?q=Ctra.+de+Ciuret%2C+10%2C+17515+Vidr%C3%A0&rlz=1C1UEAD_esES1088ES1088&sourceid=chrome&ie=UTF-8\">Ubicaci\u00f3n\n<\/a><\/h3>\n\t\t\t\t\t\t\t\t\t\t\t\t\t\t\t<!-- content -->\n\t\t\t\t\t\t\t\t\t\t\t<p><a href=\"https:\/\/www.google.com\/search?q=Ctra.+de+Ciuret%2C+10%2C+17515+Vidr%C3%A0&rlz=1C1UEAD_esES1088ES1088&sourceid=chrome&ie=UTF-8\" target=\"_blank\" rel=\"noopener noreferrer\">Ctra. de Ciuret, 10, 17515 Vidr\u00e0<\/a>\n <\/p>\t\t\n\t\t\t\t\t\t\t\t\t\t<!-- button -->\n\t\t\t\t\t\t\t\t\t\n\t\t\t\t<\/div> <!-- text_box -->\t\t\t\t\t\t\t\n\t\t\t<\/div> <!-- service item -->\t\t\t\t\t\t\t\n \t\t\t\t<\/div>\n\t\t\t\t<\/div>\n\t\t\t\t\t<\/div>\n\t\t<\/div>\n\t\t\t\t<div class=\"elementor-column elementor-col-33 elementor-top-column elementor-element elementor-element-6e79bd8\" data-id=\"6e79bd8\" data-element_type=\"column\">\n\t\t\t<div class=\"elementor-widget-wrap elementor-element-populated\">\n\t\t\t\t\t\t\t\t<div class=\"elementor-element elementor-element-2aaa137 elementor-widget elementor-widget-witr_section_service\" data-id=\"2aaa137\" data-element_type=\"widget\" data-widget_type=\"witr_section_service.default\">\n\t\t\t\t<div class=\"elementor-widget-container\">\n\t\t\t\t\t\n\t\t\t<div class=\"service-item all_color_service  text-center  \">\n\t\t\t\t<div class=\"service_top_image\">\n\t\t\t\t\t<!-- image -->\n\t\t\t\t\t\t\t\t\n\t\t\t\t<\/div>\n\t\t\t\t<div class=\"text_box all_icon_color\">\n\t\t\t\t\t<!-- icon -->\n\t\t\t\t\t\t\t\t\t\t\t<i class=\"flaticon flaticon-call\"><\/i>\n\t\t\t\t\t\t\t\t\t\t<!-- custom icon -->\n\t\t\t\t\t\t\t\t\t\n\t\t\t\t\t<!-- image -->\n\t\t\t\t\t\t\n\t\t\t\t\t<!-- title -->\n\t\t\t\t\t\t\t\t\t\t \n\t\t\t\t\t\t<h3><a href=\"tel:+34628913659\">Tel\u00e9fono\n<\/a><\/h3>\n\t\t\t\t\t\t\t\t\t\t\t\t\t\t\t<!-- content -->\n\t\t\t\t\t\t\t\t\t\t\t<p><a href=\"tel:+34628913659\">+34 628913659<\/a>\n <\/p>\t\t\n\t\t\t\t\t\t\t\t\t\t<!-- button -->\n\t\t\t\t\t\t\t\t\t\n\t\t\t\t<\/div> <!-- text_box -->\t\t\t\t\t\t\t\n\t\t\t<\/div> <!-- service item -->\t\t\t\t\t\t\t\n \t\t\t\t<\/div>\n\t\t\t\t<\/div>\n\t\t\t\t\t<\/div>\n\t\t<\/div>\n\t\t\t\t<div class=\"elementor-column elementor-col-33 elementor-top-column elementor-element elementor-element-965975a\" data-id=\"965975a\" data-element_type=\"column\">\n\t\t\t<div class=\"elementor-widget-wrap elementor-element-populated\">\n\t\t\t\t\t\t\t\t<div class=\"elementor-element elementor-element-52a26b3 elementor-widget elementor-widget-witr_section_service\" data-id=\"52a26b3\" data-element_type=\"widget\" data-widget_type=\"witr_section_service.default\">\n\t\t\t\t<div class=\"elementor-widget-container\">\n\t\t\t\t\t\n\t\t\t<div class=\"service-item all_color_service  text-center  \">\n\t\t\t\t<div class=\"service_top_image\">\n\t\t\t\t\t<!-- image -->\n\t\t\t\t\t\t\t\t\n\t\t\t\t<\/div>\n\t\t\t\t<div class=\"text_box all_icon_color\">\n\t\t\t\t\t<!-- icon -->\n\t\t\t\t\t\t\t\t\t\t\t<i class=\"flaticon flaticon-mail\"><\/i>\n\t\t\t\t\t\t\t\t\t\t<!-- custom icon -->\n\t\t\t\t\t\t\t\t\t\n\t\t\t\t\t<!-- image -->\n\t\t\t\t\t\t\n\t\t\t\t\t<!-- title -->\n\t\t\t\t\t\t\t\t\t\t \n\t\t\t\t\t\t<h3><a href=\"mailto:serradoraplanas@hotmail.com\">Correo electr\u00f3nico\n<\/a><\/h3>\n\t\t\t\t\t\t\t\t\t\t\t\t\t\t\t<!-- content -->\n\t\t\t\t\t\t\t\t\t\t\t<p><a href=\"mailto:serradoraplanas@hotmail.com\">serradoraplanas@hotmail.com<\/a>\n <\/p>\t\t\n\t\t\t\t\t\t\t\t\t\t<!-- button -->\n\t\t\t\t\t\t\t\t\t\n\t\t\t\t<\/div> <!-- text_box -->\t\t\t\t\t\t\t\n\t\t\t<\/div> <!-- service item -->\t\t\t\t\t\t\t\n \t\t\t\t<\/div>\n\t\t\t\t<\/div>\n\t\t\t\t\t<\/div>\n\t\t<\/div>\n\t\t\t\t\t\t\t<\/div>\n\t\t<\/section>\n\t\t\t\t<section class=\"elementor-section elementor-top-section elementor-element elementor-element-b7187f0 elementor-section-boxed elementor-section-height-default elementor-section-height-default\" data-id=\"b7187f0\" data-element_type=\"section\">\n\t\t\t\t\t\t<div class=\"elementor-container elementor-column-gap-default\">\n\t\t\t\t\t<div class=\"elementor-column elementor-col-100 elementor-top-column elementor-element elementor-element-a55484d\" data-id=\"a55484d\" data-element_type=\"column\">\n\t\t\t<div class=\"elementor-widget-wrap elementor-element-populated\">\n\t\t\t\t\t\t\t\t<div class=\"elementor-element elementor-element-a4b0796 akin-star-rating--align-center akin-star-rating--align-left elementor-widget elementor-widget-witr_section_apartment\" data-id=\"a4b0796\" data-element_type=\"widget\" data-widget_type=\"witr_section_apartment.default\">\n\t\t\t\t<div class=\"elementor-widget-container\">\n\t\t\t\n\t\t\t\t\t<div class=\"apartment_area\">\t\t\t\t\n\t\t\t\t\t\t<div class=\"apartment_text\">\t\t\n\t\t\t\t\t\t\t<!-- title -->\n\t\t\t\t\t\t\t\t\t\t\t\t\t\t\t<h1>Com\u00e9ntanos lo que quieras<\/h1>\n\t\t\t\t\t\t\t\t\t\n\t\t\t\t\t\t\t<!-- content -->\n\t\t\t\t\t\t\t\t\t\t\t\t\t\t\n\t\t\t\t\t\t<\/div>\t\t\n\t\t\t\t\t\t<div class=\"witr_apartment_form\">\t\t\t\t\t\n\t\t\t\t\t\t\n<div class=\"wpcf7 no-js\" id=\"wpcf7-f12343-o1\" lang=\"es-ES\" dir=\"ltr\">\n<div class=\"screen-reader-response\"><p role=\"status\" aria-live=\"polite\" aria-atomic=\"true\"><\/p> <ul><\/ul><\/div>\n<form action=\"\/es\/wp-json\/wp\/v2\/pages\/12338#wpcf7-f12343-o1\" method=\"post\" class=\"wpcf7-form init\" aria-label=\"Contact form\" novalidate=\"novalidate\" data-status=\"init\">\n<div style=\"display: none;\">\n<input type=\"hidden\" name=\"_wpcf7\" value=\"12343\" \/>\n<input type=\"hidden\" name=\"_wpcf7_version\" value=\"5.9.2\" \/>\n<input type=\"hidden\" name=\"_wpcf7_locale\" value=\"es_ES\" \/>\n<input type=\"hidden\" name=\"_wpcf7_unit_tag\" value=\"wpcf7-f12343-o1\" \/>\n<input type=\"hidden\" name=\"_wpcf7_container_post\" value=\"0\" \/>\n<input type=\"hidden\" name=\"_wpcf7_posted_data_hash\" value=\"\" \/>\n<input type=\"hidden\" name=\"_wpcf7_recaptcha_response\" value=\"\" \/>\n<\/div>\n<div class=\"row\">\n\t<div class=\"col-lg-6 col-md-6\">\n\t\t<div class=\"twr_form_box mb-5\">\n\t\t\t<p><span class=\"wpcf7-form-control-wrap\" data-name=\"text-30\"><input size=\"40\" class=\"wpcf7-form-control wpcf7-text wpcf7-validates-as-required form-control\" aria-required=\"true\" aria-invalid=\"false\" placeholder=\"Nombre*\" value=\"\" type=\"text\" name=\"text-30\" \/><\/span>\n\t\t\t<\/p>\n\t\t<\/div>\n\t<\/div>\n\t<div class=\"col-lg-6 col-md-6\">\n\t\t<div class=\"twr_form_box mb-5\">\n\t\t\t<p><span class=\"wpcf7-form-control-wrap\" data-name=\"email-380\"><input size=\"40\" class=\"wpcf7-form-control wpcf7-email wpcf7-validates-as-required wpcf7-text wpcf7-validates-as-email form-control\" aria-required=\"true\" aria-invalid=\"false\" placeholder=\"Email*\" value=\"\" type=\"email\" name=\"email-380\" \/><\/span>\n\t\t\t<\/p>\n\t\t<\/div>\n\t<\/div>\n\t<div class=\"col-lg-12 col-md-12\">\n\t\t<div class=\"twr_form_box mb-5\">\n\t\t\t<p><span class=\"wpcf7-form-control-wrap\" data-name=\"number-19\"><input class=\"wpcf7-form-control wpcf7-number wpcf7-validates-as-required wpcf7-validates-as-number form-control\" aria-required=\"true\" aria-invalid=\"false\" placeholder=\"Tel\u00e9fono*\" value=\"\" type=\"number\" name=\"number-19\" \/><\/span>\n\t\t\t<\/p>\n\t\t<\/div>\n\t<\/div>\n\t<div class=\"col-lg-12 col-md-12\">\n\t\t<div class=\"twr_form_box mb-5\">\n\t\t\t<p><span class=\"wpcf7-form-control-wrap\" data-name=\"textarea\"><textarea cols=\"40\" rows=\"6\" class=\"wpcf7-form-control wpcf7-textarea wpcf7-validates-as-required form-control\" aria-required=\"true\" aria-invalid=\"false\" placeholder=\"Mensaje\" name=\"textarea\"><\/textarea><\/span>\n\t\t\t<\/p>\n\t\t<\/div>\n\t\t<div class=\"text-left col-md-6\">\n\t\t\t<p><span class=\"wpcf7-form-control-wrap\" data-name=\"acceptance-525\"><span class=\"wpcf7-form-control wpcf7-acceptance\"><span class=\"wpcf7-list-item\"><input type=\"checkbox\" name=\"acceptance-525\" value=\"1\" class=\"check\" aria-invalid=\"false\" \/><\/span><\/span><\/span>&nbsp&nbsp;He le\u00eddo y acepto la <b><a style=\"color:red;\" href=\"https:\/\/serradoraplanas.com\/es\/politica-de-privacidad\/\">pol\u00edtica de privacidad<\/a><\/b>\n\t\t\t<\/p>\n\t\t<\/div>\n\t\t<div class=\"text-left col-lg-12 col-md-12\">\n\t\t\t<p>Responsable: SERRADORA PLANAS, S.L. NIF B55217590, CTRA. DE CIURET 10, 17515-VIDRA\n\t\t\t<\/p>\n\t\t\t<p>La finalidad del tratamiento de los datos para la que usted da su consentimiento ser\u00e1 gestionar los datos de los clientes\/usuarios que accedan al formulario de contacto de la p\u00e1gina web de la entidad, responder a sus consultas y\/o enviar publicidad de productos o servicios que puedan ser de su inter\u00e9s. Los datos proporcionados se conservar\u00e1n hasta que usted solicite el cese de la actividad y no se ceder\u00e1n a terceros, salvo que lo exija la ley. Usted tiene derecho a acceder, rectificar o solicitar la supresi\u00f3n cuando los datos ya no sean necesarios para los fines para los que fueron recogidos en los t\u00e9rminos previstos por la Ley, pudiendo ejercitarlo mediante escrito dirigido al responsable de las mismas en la direcci\u00f3n de correo electr\u00f3nico serradoraplanas@hotmail.com. Puede consultar informaci\u00f3n adicional en https:\/\/www.aemol.com\/clausulas.php?B55217590.\n\t\t\t<\/p>\n\t\t\t<p><button type=\"submit\" class=\"btn btn-primary\">Enviar<\/button>\n\t\t\t<\/p>\n\t\t<\/div>\n\t<\/div>\n<\/div><div class=\"wpcf7-response-output\" aria-hidden=\"true\"><\/div>\n<\/form>\n<\/div>\n\t\t\t\t\t\t\t\t\n\t\t\t\t\t\t<\/div>\n\t\t\t\t\t<\/div>\t\t\t\t\t\n\t\t\n\t\t\t\t<\/div>\n\t\t\t\t<\/div>\n\t\t\t\t\t<\/div>\n\t\t<\/div>\n\t\t\t\t\t\t\t<\/div>\n\t\t<\/section>\n\t\t\t\t<section class=\"elementor-section elementor-top-section elementor-element elementor-element-4c1f1bd elementor-section-full_width elementor-section-height-default elementor-section-height-default\" data-id=\"4c1f1bd\" data-element_type=\"section\">\n\t\t\t\t\t\t<div class=\"elementor-container elementor-column-gap-no\">\n\t\t\t\t\t<div class=\"elementor-column elementor-col-100 elementor-top-column elementor-element elementor-element-5e4bf83\" data-id=\"5e4bf83\" data-element_type=\"column\">\n\t\t\t<div class=\"elementor-widget-wrap elementor-element-populated\">\n\t\t\t\t\t\t\t\t<div class=\"elementor-element elementor-element-c9bb51b elementor-widget elementor-widget-google_maps\" data-id=\"c9bb51b\" data-element_type=\"widget\" data-widget_type=\"google_maps.default\">\n\t\t\t\t<div class=\"elementor-widget-container\">\n\t\t\t<style>\/*! elementor - v3.17.0 - 08-11-2023 *\/\n.elementor-widget-google_maps .elementor-widget-container{overflow:hidden}.elementor-widget-google_maps .elementor-custom-embed{line-height:0}.elementor-widget-google_maps iframe{height:300px}<\/style>\t\t<div class=\"elementor-custom-embed\">\n\t\t\t<iframe loading=\"lazy\"\n\t\t\t\t\tsrc=\"https:\/\/maps.google.com\/maps?q=serradora%20planas&#038;t=m&#038;z=11&#038;output=embed&#038;iwloc=near\"\n\t\t\t\t\ttitle=\"serradora planas\"\n\t\t\t\t\taria-label=\"serradora planas\"\n\t\t\t><\/iframe>\n\t\t<\/div>\n\t\t\t\t<\/div>\n\t\t\t\t<\/div>\n\t\t\t\t\t<\/div>\n\t\t<\/div>\n\t\t\t\t\t\t\t<\/div>\n\t\t<\/section>\n\t\t\t\t\t\t\t<\/div>\n\t\t","protected":false},"excerpt":{"rendered":"<p>Ubicaci\u00f3n Ctra. de Ciuret, 10, 17515 Vidr\u00e0 Tel\u00e9fono +34 628913659 Correo electr\u00f3nico serradoraplanas@hotmail.com Com\u00e9ntanos lo que quieras \u00a0\u00a0He llegit i accepto la pol\u00edtica de privadesa. Responsable: SERRADORA PLANAS, S.L. NIF B55217590, CTRA. DE CIURET 10, 17515-VIDRA La finalitat del tractament de les dades per a la qual vost\u00e8 d\u00f3na el seu consentiment ser\u00e0 gestionar les [&hellip;]<\/p>\n","protected":false},"author":1,"featured_media":0,"parent":0,"menu_order":0,"comment_status":"closed","ping_status":"closed","template":"template-home.php","meta":{"footnotes":""},"class_list":["post-12338","page","type-page","status-publish","hentry"],"yoast_head":"<!-- This site is optimized with the Yoast SEO plugin v22.3 - https:\/\/yoast.com\/wordpress\/plugins\/seo\/ -->\n<title>Cont\u00e1ctanos en la serrer\u00eda: Madera para Construcci\u00f3n<\/title>\n<meta name=\"description\" content=\"\u00bfPreguntas sobre nuestros servicios de serrer\u00eda? Cont\u00e1ctanos y descubre c\u00f3mo podemos ayudarte con tus necesidades de madera.\" \/>\n<meta name=\"robots\" content=\"index, follow, max-snippet:-1, max-image-preview:large, max-video-preview:-1\" \/>\n<link rel=\"canonical\" href=\"https:\/\/serradoraplanas.com\/es\/contacto\/\" \/>\n<meta property=\"og:locale\" content=\"es_ES\" \/>\n<meta property=\"og:type\" content=\"article\" \/>\n<meta property=\"og:title\" content=\"Cont\u00e1ctanos en la serrer\u00eda: Madera para Construcci\u00f3n\" \/>\n<meta property=\"og:description\" content=\"\u00bfPreguntas sobre nuestros servicios de serrer\u00eda? Cont\u00e1ctanos y descubre c\u00f3mo podemos ayudarte con tus necesidades de madera.\" \/>\n<meta property=\"og:url\" content=\"https:\/\/serradoraplanas.com\/es\/contacto\/\" \/>\n<meta property=\"og:site_name\" content=\"Serradora Planas\" \/>\n<meta property=\"article:modified_time\" content=\"2026-01-30T19:37:47+00:00\" \/>\n<meta property=\"og:image\" content=\"https:\/\/serradoraplanas.com\/wp-content\/uploads\/2024\/09\/portadacontacte-3-1024x546.jpg\" \/>\n<meta name=\"twitter:card\" content=\"summary_large_image\" \/>\n<meta name=\"twitter:label1\" content=\"Tiempo de lectura\" \/>\n\t<meta name=\"twitter:data1\" content=\"2 minutos\" \/>\n<script type=\"application\/ld+json\" class=\"yoast-schema-graph\">{\"@context\":\"https:\/\/schema.org\",\"@graph\":[{\"@type\":\"WebPage\",\"@id\":\"https:\/\/serradoraplanas.com\/es\/contacto\/\",\"url\":\"https:\/\/serradoraplanas.com\/es\/contacto\/\",\"name\":\"Cont\u00e1ctanos en la serrer\u00eda: Madera para Construcci\u00f3n\",\"isPartOf\":{\"@id\":\"https:\/\/serradoraplanas.com\/#website\"},\"primaryImageOfPage\":{\"@id\":\"https:\/\/serradoraplanas.com\/es\/contacto\/#primaryimage\"},\"image\":{\"@id\":\"https:\/\/serradoraplanas.com\/es\/contacto\/#primaryimage\"},\"thumbnailUrl\":\"https:\/\/serradoraplanas.com\/wp-content\/uploads\/2024\/09\/portadacontacte-3-1024x546.jpg\",\"datePublished\":\"2020-06-10T16:03:45+00:00\",\"dateModified\":\"2026-01-30T19:37:47+00:00\",\"description\":\"\u00bfPreguntas sobre nuestros servicios de serrer\u00eda? Cont\u00e1ctanos y descubre c\u00f3mo podemos ayudarte con tus necesidades de madera.\",\"breadcrumb\":{\"@id\":\"https:\/\/serradoraplanas.com\/es\/contacto\/#breadcrumb\"},\"inLanguage\":\"es\",\"potentialAction\":[{\"@type\":\"ReadAction\",\"target\":[\"https:\/\/serradoraplanas.com\/es\/contacto\/\"]}]},{\"@type\":\"ImageObject\",\"inLanguage\":\"es\",\"@id\":\"https:\/\/serradoraplanas.com\/es\/contacto\/#primaryimage\",\"url\":\"https:\/\/serradoraplanas.com\/wp-content\/uploads\/2024\/09\/portadacontacte-3.jpg\",\"contentUrl\":\"https:\/\/serradoraplanas.com\/wp-content\/uploads\/2024\/09\/portadacontacte-3.jpg\",\"width\":1800,\"height\":959},{\"@type\":\"BreadcrumbList\",\"@id\":\"https:\/\/serradoraplanas.com\/es\/contacto\/#breadcrumb\",\"itemListElement\":[{\"@type\":\"ListItem\",\"position\":1,\"name\":\"Inici\",\"item\":\"https:\/\/serradoraplanas.com\/es\/\"},{\"@type\":\"ListItem\",\"position\":2,\"name\":\"Contacto\"}]},{\"@type\":\"WebSite\",\"@id\":\"https:\/\/serradoraplanas.com\/#website\",\"url\":\"https:\/\/serradoraplanas.com\/\",\"name\":\"Serradora Planas\",\"description\":\"DESDE 1945 TRABAJANDO LA PRIMERA TRANSFORMACI\u00d3N DE LA MADERA.\",\"publisher\":{\"@id\":\"https:\/\/serradoraplanas.com\/#organization\"},\"potentialAction\":[{\"@type\":\"SearchAction\",\"target\":{\"@type\":\"EntryPoint\",\"urlTemplate\":\"https:\/\/serradoraplanas.com\/?s={search_term_string}\"},\"query-input\":\"required name=search_term_string\"}],\"inLanguage\":\"es\"},{\"@type\":\"Organization\",\"@id\":\"https:\/\/serradoraplanas.com\/#organization\",\"name\":\"Serradora Planas\",\"url\":\"https:\/\/serradoraplanas.com\/\",\"logo\":{\"@type\":\"ImageObject\",\"inLanguage\":\"es\",\"@id\":\"https:\/\/serradoraplanas.com\/#\/schema\/logo\/image\/\",\"url\":\"https:\/\/serradoraplanas.com\/wp-content\/uploads\/2024\/01\/logotipo-e1704366110730.png\",\"contentUrl\":\"https:\/\/serradoraplanas.com\/wp-content\/uploads\/2024\/01\/logotipo-e1704366110730.png\",\"width\":100,\"height\":101,\"caption\":\"Serradora Planas\"},\"image\":{\"@id\":\"https:\/\/serradoraplanas.com\/#\/schema\/logo\/image\/\"},\"sameAs\":[\"https:\/\/www.instagram.com\/serradoraplanas\",\"https:\/\/www.youtube.com\/@SerradoraPlanas\"]}]}<\/script>\n<!-- \/ Yoast SEO plugin. -->","yoast_head_json":{"title":"Cont\u00e1ctanos en la serrer\u00eda: Madera para Construcci\u00f3n","description":"\u00bfPreguntas sobre nuestros servicios de serrer\u00eda? Cont\u00e1ctanos y descubre c\u00f3mo podemos ayudarte con tus necesidades de madera.","robots":{"index":"index","follow":"follow","max-snippet":"max-snippet:-1","max-image-preview":"max-image-preview:large","max-video-preview":"max-video-preview:-1"},"canonical":"https:\/\/serradoraplanas.com\/es\/contacto\/","og_locale":"es_ES","og_type":"article","og_title":"Cont\u00e1ctanos en la serrer\u00eda: Madera para Construcci\u00f3n","og_description":"\u00bfPreguntas sobre nuestros servicios de serrer\u00eda? Cont\u00e1ctanos y descubre c\u00f3mo podemos ayudarte con tus necesidades de madera.","og_url":"https:\/\/serradoraplanas.com\/es\/contacto\/","og_site_name":"Serradora Planas","article_modified_time":"2026-01-30T19:37:47+00:00","og_image":[{"url":"https:\/\/serradoraplanas.com\/wp-content\/uploads\/2024\/09\/portadacontacte-3-1024x546.jpg"}],"twitter_card":"summary_large_image","twitter_misc":{"Tiempo de lectura":"2 minutos"},"schema":{"@context":"https:\/\/schema.org","@graph":[{"@type":"WebPage","@id":"https:\/\/serradoraplanas.com\/es\/contacto\/","url":"https:\/\/serradoraplanas.com\/es\/contacto\/","name":"Cont\u00e1ctanos en la serrer\u00eda: Madera para Construcci\u00f3n","isPartOf":{"@id":"https:\/\/serradoraplanas.com\/#website"},"primaryImageOfPage":{"@id":"https:\/\/serradoraplanas.com\/es\/contacto\/#primaryimage"},"image":{"@id":"https:\/\/serradoraplanas.com\/es\/contacto\/#primaryimage"},"thumbnailUrl":"https:\/\/serradoraplanas.com\/wp-content\/uploads\/2024\/09\/portadacontacte-3-1024x546.jpg","datePublished":"2020-06-10T16:03:45+00:00","dateModified":"2026-01-30T19:37:47+00:00","description":"\u00bfPreguntas sobre nuestros servicios de serrer\u00eda? Cont\u00e1ctanos y descubre c\u00f3mo podemos ayudarte con tus necesidades de madera.","breadcrumb":{"@id":"https:\/\/serradoraplanas.com\/es\/contacto\/#breadcrumb"},"inLanguage":"es","potentialAction":[{"@type":"ReadAction","target":["https:\/\/serradoraplanas.com\/es\/contacto\/"]}]},{"@type":"ImageObject","inLanguage":"es","@id":"https:\/\/serradoraplanas.com\/es\/contacto\/#primaryimage","url":"https:\/\/serradoraplanas.com\/wp-content\/uploads\/2024\/09\/portadacontacte-3.jpg","contentUrl":"https:\/\/serradoraplanas.com\/wp-content\/uploads\/2024\/09\/portadacontacte-3.jpg","width":1800,"height":959},{"@type":"BreadcrumbList","@id":"https:\/\/serradoraplanas.com\/es\/contacto\/#breadcrumb","itemListElement":[{"@type":"ListItem","position":1,"name":"Inici","item":"https:\/\/serradoraplanas.com\/es\/"},{"@type":"ListItem","position":2,"name":"Contacto"}]},{"@type":"WebSite","@id":"https:\/\/serradoraplanas.com\/#website","url":"https:\/\/serradoraplanas.com\/","name":"Serradora Planas","description":"DESDE 1945 TRABAJANDO LA PRIMERA TRANSFORMACI\u00d3N DE LA MADERA.","publisher":{"@id":"https:\/\/serradoraplanas.com\/#organization"},"potentialAction":[{"@type":"SearchAction","target":{"@type":"EntryPoint","urlTemplate":"https:\/\/serradoraplanas.com\/?s={search_term_string}"},"query-input":"required name=search_term_string"}],"inLanguage":"es"},{"@type":"Organization","@id":"https:\/\/serradoraplanas.com\/#organization","name":"Serradora Planas","url":"https:\/\/serradoraplanas.com\/","logo":{"@type":"ImageObject","inLanguage":"es","@id":"https:\/\/serradoraplanas.com\/#\/schema\/logo\/image\/","url":"https:\/\/serradoraplanas.com\/wp-content\/uploads\/2024\/01\/logotipo-e1704366110730.png","contentUrl":"https:\/\/serradoraplanas.com\/wp-content\/uploads\/2024\/01\/logotipo-e1704366110730.png","width":100,"height":101,"caption":"Serradora Planas"},"image":{"@id":"https:\/\/serradoraplanas.com\/#\/schema\/logo\/image\/"},"sameAs":["https:\/\/www.instagram.com\/serradoraplanas","https:\/\/www.youtube.com\/@SerradoraPlanas"]}]}},"_links":{"self":[{"href":"https:\/\/serradoraplanas.com\/es\/wp-json\/wp\/v2\/pages\/12338","targetHints":{"allow":["GET"]}}],"collection":[{"href":"https:\/\/serradoraplanas.com\/es\/wp-json\/wp\/v2\/pages"}],"about":[{"href":"https:\/\/serradoraplanas.com\/es\/wp-json\/wp\/v2\/types\/page"}],"author":[{"embeddable":true,"href":"https:\/\/serradoraplanas.com\/es\/wp-json\/wp\/v2\/users\/1"}],"replies":[{"embeddable":true,"href":"https:\/\/serradoraplanas.com\/es\/wp-json\/wp\/v2\/comments?post=12338"}],"version-history":[{"count":30,"href":"https:\/\/serradoraplanas.com\/es\/wp-json\/wp\/v2\/pages\/12338\/revisions"}],"predecessor-version":[{"id":14247,"href":"https:\/\/serradoraplanas.com\/es\/wp-json\/wp\/v2\/pages\/12338\/revisions\/14247"}],"wp:attachment":[{"href":"https:\/\/serradoraplanas.com\/es\/wp-json\/wp\/v2\/media?parent=12338"}],"curies":[{"name":"wp","href":"https:\/\/api.w.org\/{rel}","templated":true}]}}