{"id":12406,"date":"2020-10-05T15:42:25","date_gmt":"2020-10-05T13:42:25","guid":{"rendered":"https:\/\/serradoraplanas.com\/?page_id=12406"},"modified":"2026-01-30T20:30:55","modified_gmt":"2026-01-30T19:30:55","slug":"nuestros-servicios","status":"publish","type":"page","link":"https:\/\/serradoraplanas.com\/es\/nuestros-servicios\/","title":{"rendered":"Nuestros servicios"},"content":{"rendered":"\t\t<div data-elementor-type=\"wp-page\" data-elementor-id=\"12406\" class=\"elementor elementor-12406 elementor-1884\">\n\t\t\t\t\t\t\t\t\t<section class=\"elementor-section elementor-top-section elementor-element elementor-element-95349b3 elementor-section-boxed elementor-section-height-default elementor-section-height-default\" data-id=\"95349b3\" data-element_type=\"section\" data-settings=\"{&quot;background_background&quot;:&quot;classic&quot;}\">\n\t\t\t\t\t\t\t<div class=\"elementor-background-overlay\"><\/div>\n\t\t\t\t\t\t\t<div class=\"elementor-container elementor-column-gap-default\">\n\t\t\t\t\t<div class=\"elementor-column elementor-col-100 elementor-top-column elementor-element elementor-element-08b9d29\" data-id=\"08b9d29\" data-element_type=\"column\">\n\t\t\t<div class=\"elementor-widget-wrap elementor-element-populated\">\n\t\t\t\t\t\t\t\t<div class=\"elementor-element elementor-element-0e1e5f2 akin-star-rating--align-center elementor-widget elementor-widget-witr_section_title\" data-id=\"0e1e5f2\" data-element_type=\"widget\" data-widget_type=\"witr_section_title.default\">\n\t\t\t\t<div class=\"elementor-widget-container\">\n\t\t\t\t\t\t\t\t<!-- title center -->\n\t\t\t\t\t<div class=\"witr_section_title\">\n\t\t\t\t\t\t<div class=\"witr_section_title_inner text-center\">\n\n\t\t\t\t\t\t\t<!-- icon position -->\n\t\t\t\t\t\t\t\t\n\t\t\t\t\t\t\t<!-- end icon position -->\n\t\t\t\t\t\t\t\n\t\t\t\t\t\t\n\t\t\t\t\t\t\t<!-- title top -->\n\t\t\t\t\t\t\t\n\n\t\t\t\t\t\t\t<!-- icon position -->\n\t\t\t\t\t\t\t\t\n\t\t\t\t\t\t\t<!-- end icon position -->\n\n\n\t\t\t\t\t\t\t\n\t\t\t\t\t\t\t<!-- title middle -->\n\t\t\t\t\t\t\t\t\t\t\t\t\t\t\t<h3>\u00a1La sierra de carro, siempre bien afliada!<\/h3>\t\t\n\t\t\t\t\t\t\t\t\t\t\t\t\t\t<!-- title bottom -->\n\t\t\t\t\t\t\t\n\t\t\t\t\t\t\t\n\t\t\t\t\t\t\t\n\t\t\t\t\t\t\t\t\t\t\t\t\t\t\n\t\t\t\t\t\t\t<!-- image -->\n\t\t\t\t\t\t\t\t\t\t\t\t\t\t<!-- icon -->\n\t\t\t\t\t\t\t\t\t\t\t\t\t\t\n\t\t\t\t\t\t\t<!-- bar -->\n\t\t\t\t\t\t\t\t\t\t\t\t\t\t\n\t\t\t\t\t\t\t\t<div class=\"witr_bar_main\">\n\t\t\t\t\t\t\t\t\t<div class=\"witr_bar_inner\">\n\t\t\t\t\t\t\t\t\t<\/div>\n\t\t\t\t\t\t\t\t<\/div>\n\t\t\t\t\t\t\t\t\t\t\t\t\t\t<!-- circle bar -->\n\t\t\t\t\t\t\t\t\t\t\t\t\t\t\n\t\t\t\t\t\t\t\t\n\t\t\t\t\t\t\t\n\n\t\t\t\t\t\t\t\n\t\t\t\t\t\t\t<!-- content -->\n\t\t\t\t\t\t\t\t\t\t\t\t\t\t\n\t\t\t\t\t\t<\/div>\n\t\t\t\t\t\t\t<!-- inner title -->\n\t\t\t\t\t\t\t\t\t\t\t\t\t\n\t\t\t\t\t<\/div>\n\n\t\t\t\t\t\t<\/div>\n\t\t\t\t<\/div>\n\t\t\t\t\t<\/div>\n\t\t<\/div>\n\t\t\t\t\t\t\t<\/div>\n\t\t<\/section>\n\t\t<div class=\"elementor-element elementor-element-3d2af4b e-flex e-con-boxed e-con e-parent\" data-id=\"3d2af4b\" data-element_type=\"container\" data-settings=\"{&quot;content_width&quot;:&quot;boxed&quot;}\" data-core-v316-plus=\"true\">\n\t\t\t\t\t<div class=\"e-con-inner\">\n\t\t<div class=\"elementor-element elementor-element-0259a26 e-con-full e-flex e-con e-child\" data-id=\"0259a26\" data-element_type=\"container\" data-settings=\"{&quot;content_width&quot;:&quot;full&quot;}\">\n\t\t\t\t<div class=\"elementor-element elementor-element-f4451df elementor-widget elementor-widget-text-editor\" data-id=\"f4451df\" data-element_type=\"widget\" data-widget_type=\"text-editor.default\">\n\t\t\t\t<div class=\"elementor-widget-container\">\n\t\t\t<style>\/*! elementor - v3.17.0 - 08-11-2023 *\/\n.elementor-widget-text-editor.elementor-drop-cap-view-stacked .elementor-drop-cap{background-color:#69727d;color:#fff}.elementor-widget-text-editor.elementor-drop-cap-view-framed .elementor-drop-cap{color:#69727d;border:3px solid;background-color:transparent}.elementor-widget-text-editor:not(.elementor-drop-cap-view-default) .elementor-drop-cap{margin-top:8px}.elementor-widget-text-editor:not(.elementor-drop-cap-view-default) .elementor-drop-cap-letter{width:1em;height:1em}.elementor-widget-text-editor .elementor-drop-cap{float:left;text-align:center;line-height:1;font-size:50px}.elementor-widget-text-editor .elementor-drop-cap-letter{display:inline-block}<\/style>\t\t\t\t<p>Actualmente, en nuestra empresa tenemos las m\u00e1quinas necesarias para poder transformar cualquier clase de madera. Sabemos que no es f\u00e1cil encontrar una serrer\u00eda que quiera parar su proceso productivo para hacer un trabajo especial. Nosotros, pero, podemos ofrecer este servicio tanto a particulares como empresas. La sierra de carro que tenemos en nuestras instalaciones, por ejemplo, est\u00e1 preparada para satisfacer cualquier necesidad. Si tienes alg\u00fan proyecto en mente, pero te falta alguien que te corte la madera, contacta con nosotros.<\/p>\t\t\t\t\t\t<\/div>\n\t\t\t\t<\/div>\n\t\t\t\t<\/div>\n\t\t<div class=\"elementor-element elementor-element-850c177 e-con-full e-flex e-con e-child\" data-id=\"850c177\" data-element_type=\"container\" data-settings=\"{&quot;content_width&quot;:&quot;full&quot;}\">\n\t\t\t\t<div class=\"elementor-element elementor-element-d876c53 elementor-widget elementor-widget-image\" data-id=\"d876c53\" data-element_type=\"widget\" data-widget_type=\"image.default\">\n\t\t\t\t<div class=\"elementor-widget-container\">\n\t\t\t<style>\/*! elementor - v3.17.0 - 08-11-2023 *\/\n.elementor-widget-image{text-align:center}.elementor-widget-image a{display:inline-block}.elementor-widget-image a img[src$=\".svg\"]{width:48px}.elementor-widget-image img{vertical-align:middle;display:inline-block}<\/style>\t\t\t\t\t\t\t\t\t\t\t\t<img fetchpriority=\"high\" decoding=\"async\" width=\"1024\" height=\"683\" src=\"https:\/\/serradoraplanas.com\/wp-content\/uploads\/2023\/11\/capcaleranostresserveis-1024x683.jpg\" class=\"attachment-large size-large wp-image-12234\" alt=\"\" srcset=\"https:\/\/serradoraplanas.com\/wp-content\/uploads\/2023\/11\/capcaleranostresserveis-1024x683.jpg 1024w, https:\/\/serradoraplanas.com\/wp-content\/uploads\/2023\/11\/capcaleranostresserveis-300x200.jpg 300w, https:\/\/serradoraplanas.com\/wp-content\/uploads\/2023\/11\/capcaleranostresserveis-768x512.jpg 768w, https:\/\/serradoraplanas.com\/wp-content\/uploads\/2023\/11\/capcaleranostresserveis-1536x1024.jpg 1536w, https:\/\/serradoraplanas.com\/wp-content\/uploads\/2023\/11\/capcaleranostresserveis.jpg 1800w\" sizes=\"(max-width: 1024px) 100vw, 1024px\" \/>\t\t\t\t\t\t\t\t\t\t\t\t\t\t\t<\/div>\n\t\t\t\t<\/div>\n\t\t\t\t<\/div>\n\t\t\t\t\t<\/div>\n\t\t\t\t<\/div>\n\t\t\t\t\t\t\t<\/div>\n\t\t","protected":false},"excerpt":{"rendered":"<p>\u00a1La sierra de carro, siempre bien afliada! Actualmente, en nuestra empresa tenemos las m\u00e1quinas necesarias para poder transformar cualquier clase de madera. Sabemos que no es f\u00e1cil encontrar una serrer\u00eda que quiera parar su proceso productivo para hacer un trabajo especial. Nosotros, pero, podemos ofrecer este servicio tanto a particulares como empresas. La sierra de [&hellip;]<\/p>\n","protected":false},"author":1,"featured_media":0,"parent":0,"menu_order":0,"comment_status":"closed","ping_status":"closed","template":"template-home.php","meta":{"footnotes":""},"class_list":["post-12406","page","type-page","status-publish","hentry"],"yoast_head":"<!-- This site is optimized with the Yoast SEO plugin v22.3 - https:\/\/yoast.com\/wordpress\/plugins\/seo\/ -->\n<title>Proveedor de Madera | Servicios Profesionales<\/title>\n<meta name=\"description\" content=\"Somos tu proveedor de madera de confianza, ofreciendo servicios personalizados para construcci\u00f3n, industria y carpinter\u00eda.\" \/>\n<meta name=\"robots\" content=\"index, follow, max-snippet:-1, max-image-preview:large, max-video-preview:-1\" \/>\n<link rel=\"canonical\" href=\"https:\/\/serradoraplanas.com\/es\/nuestros-servicios\/\" \/>\n<meta property=\"og:locale\" content=\"es_ES\" \/>\n<meta property=\"og:type\" content=\"article\" \/>\n<meta property=\"og:title\" content=\"Proveedor de Madera | Servicios Profesionales\" \/>\n<meta property=\"og:description\" content=\"Somos tu proveedor de madera de confianza, ofreciendo servicios personalizados para construcci\u00f3n, industria y carpinter\u00eda.\" \/>\n<meta property=\"og:url\" content=\"https:\/\/serradoraplanas.com\/es\/nuestros-servicios\/\" \/>\n<meta property=\"og:site_name\" content=\"Serradora Planas\" \/>\n<meta property=\"article:modified_time\" content=\"2026-01-30T19:30:55+00:00\" \/>\n<meta property=\"og:image\" content=\"https:\/\/serradoraplanas.com\/wp-content\/uploads\/2023\/11\/capcaleranostresserveis-1024x683.jpg\" \/>\n<meta name=\"twitter:card\" content=\"summary_large_image\" \/>\n<meta name=\"twitter:label1\" content=\"Tiempo de lectura\" \/>\n\t<meta name=\"twitter:data1\" content=\"1 minuto\" \/>\n<script type=\"application\/ld+json\" class=\"yoast-schema-graph\">{\"@context\":\"https:\/\/schema.org\",\"@graph\":[{\"@type\":\"WebPage\",\"@id\":\"https:\/\/serradoraplanas.com\/es\/nuestros-servicios\/\",\"url\":\"https:\/\/serradoraplanas.com\/es\/nuestros-servicios\/\",\"name\":\"Proveedor de Madera | Servicios Profesionales\",\"isPartOf\":{\"@id\":\"https:\/\/serradoraplanas.com\/#website\"},\"primaryImageOfPage\":{\"@id\":\"https:\/\/serradoraplanas.com\/es\/nuestros-servicios\/#primaryimage\"},\"image\":{\"@id\":\"https:\/\/serradoraplanas.com\/es\/nuestros-servicios\/#primaryimage\"},\"thumbnailUrl\":\"https:\/\/serradoraplanas.com\/wp-content\/uploads\/2023\/11\/capcaleranostresserveis-1024x683.jpg\",\"datePublished\":\"2020-10-05T13:42:25+00:00\",\"dateModified\":\"2026-01-30T19:30:55+00:00\",\"description\":\"Somos tu proveedor de madera de confianza, ofreciendo servicios personalizados para construcci\u00f3n, industria y carpinter\u00eda.\",\"breadcrumb\":{\"@id\":\"https:\/\/serradoraplanas.com\/es\/nuestros-servicios\/#breadcrumb\"},\"inLanguage\":\"es\",\"potentialAction\":[{\"@type\":\"ReadAction\",\"target\":[\"https:\/\/serradoraplanas.com\/es\/nuestros-servicios\/\"]}]},{\"@type\":\"ImageObject\",\"inLanguage\":\"es\",\"@id\":\"https:\/\/serradoraplanas.com\/es\/nuestros-servicios\/#primaryimage\",\"url\":\"https:\/\/serradoraplanas.com\/wp-content\/uploads\/2023\/11\/capcaleranostresserveis.jpg\",\"contentUrl\":\"https:\/\/serradoraplanas.com\/wp-content\/uploads\/2023\/11\/capcaleranostresserveis.jpg\",\"width\":1800,\"height\":1200},{\"@type\":\"BreadcrumbList\",\"@id\":\"https:\/\/serradoraplanas.com\/es\/nuestros-servicios\/#breadcrumb\",\"itemListElement\":[{\"@type\":\"ListItem\",\"position\":1,\"name\":\"Inici\",\"item\":\"https:\/\/serradoraplanas.com\/es\/\"},{\"@type\":\"ListItem\",\"position\":2,\"name\":\"Nuestros servicios\"}]},{\"@type\":\"WebSite\",\"@id\":\"https:\/\/serradoraplanas.com\/#website\",\"url\":\"https:\/\/serradoraplanas.com\/\",\"name\":\"Serradora Planas\",\"description\":\"DESDE 1945 TRABAJANDO LA PRIMERA TRANSFORMACI\u00d3N DE LA MADERA.\",\"publisher\":{\"@id\":\"https:\/\/serradoraplanas.com\/#organization\"},\"potentialAction\":[{\"@type\":\"SearchAction\",\"target\":{\"@type\":\"EntryPoint\",\"urlTemplate\":\"https:\/\/serradoraplanas.com\/?s={search_term_string}\"},\"query-input\":\"required name=search_term_string\"}],\"inLanguage\":\"es\"},{\"@type\":\"Organization\",\"@id\":\"https:\/\/serradoraplanas.com\/#organization\",\"name\":\"Serradora Planas\",\"url\":\"https:\/\/serradoraplanas.com\/\",\"logo\":{\"@type\":\"ImageObject\",\"inLanguage\":\"es\",\"@id\":\"https:\/\/serradoraplanas.com\/#\/schema\/logo\/image\/\",\"url\":\"https:\/\/serradoraplanas.com\/wp-content\/uploads\/2024\/01\/logotipo-e1704366110730.png\",\"contentUrl\":\"https:\/\/serradoraplanas.com\/wp-content\/uploads\/2024\/01\/logotipo-e1704366110730.png\",\"width\":100,\"height\":101,\"caption\":\"Serradora Planas\"},\"image\":{\"@id\":\"https:\/\/serradoraplanas.com\/#\/schema\/logo\/image\/\"},\"sameAs\":[\"https:\/\/www.instagram.com\/serradoraplanas\",\"https:\/\/www.youtube.com\/@SerradoraPlanas\"]}]}<\/script>\n<!-- \/ Yoast SEO plugin. -->","yoast_head_json":{"title":"Proveedor de Madera | Servicios Profesionales","description":"Somos tu proveedor de madera de confianza, ofreciendo servicios personalizados para construcci\u00f3n, industria y carpinter\u00eda.","robots":{"index":"index","follow":"follow","max-snippet":"max-snippet:-1","max-image-preview":"max-image-preview:large","max-video-preview":"max-video-preview:-1"},"canonical":"https:\/\/serradoraplanas.com\/es\/nuestros-servicios\/","og_locale":"es_ES","og_type":"article","og_title":"Proveedor de Madera | Servicios Profesionales","og_description":"Somos tu proveedor de madera de confianza, ofreciendo servicios personalizados para construcci\u00f3n, industria y carpinter\u00eda.","og_url":"https:\/\/serradoraplanas.com\/es\/nuestros-servicios\/","og_site_name":"Serradora Planas","article_modified_time":"2026-01-30T19:30:55+00:00","og_image":[{"url":"https:\/\/serradoraplanas.com\/wp-content\/uploads\/2023\/11\/capcaleranostresserveis-1024x683.jpg"}],"twitter_card":"summary_large_image","twitter_misc":{"Tiempo de lectura":"1 minuto"},"schema":{"@context":"https:\/\/schema.org","@graph":[{"@type":"WebPage","@id":"https:\/\/serradoraplanas.com\/es\/nuestros-servicios\/","url":"https:\/\/serradoraplanas.com\/es\/nuestros-servicios\/","name":"Proveedor de Madera | Servicios Profesionales","isPartOf":{"@id":"https:\/\/serradoraplanas.com\/#website"},"primaryImageOfPage":{"@id":"https:\/\/serradoraplanas.com\/es\/nuestros-servicios\/#primaryimage"},"image":{"@id":"https:\/\/serradoraplanas.com\/es\/nuestros-servicios\/#primaryimage"},"thumbnailUrl":"https:\/\/serradoraplanas.com\/wp-content\/uploads\/2023\/11\/capcaleranostresserveis-1024x683.jpg","datePublished":"2020-10-05T13:42:25+00:00","dateModified":"2026-01-30T19:30:55+00:00","description":"Somos tu proveedor de madera de confianza, ofreciendo servicios personalizados para construcci\u00f3n, industria y carpinter\u00eda.","breadcrumb":{"@id":"https:\/\/serradoraplanas.com\/es\/nuestros-servicios\/#breadcrumb"},"inLanguage":"es","potentialAction":[{"@type":"ReadAction","target":["https:\/\/serradoraplanas.com\/es\/nuestros-servicios\/"]}]},{"@type":"ImageObject","inLanguage":"es","@id":"https:\/\/serradoraplanas.com\/es\/nuestros-servicios\/#primaryimage","url":"https:\/\/serradoraplanas.com\/wp-content\/uploads\/2023\/11\/capcaleranostresserveis.jpg","contentUrl":"https:\/\/serradoraplanas.com\/wp-content\/uploads\/2023\/11\/capcaleranostresserveis.jpg","width":1800,"height":1200},{"@type":"BreadcrumbList","@id":"https:\/\/serradoraplanas.com\/es\/nuestros-servicios\/#breadcrumb","itemListElement":[{"@type":"ListItem","position":1,"name":"Inici","item":"https:\/\/serradoraplanas.com\/es\/"},{"@type":"ListItem","position":2,"name":"Nuestros servicios"}]},{"@type":"WebSite","@id":"https:\/\/serradoraplanas.com\/#website","url":"https:\/\/serradoraplanas.com\/","name":"Serradora Planas","description":"DESDE 1945 TRABAJANDO LA PRIMERA TRANSFORMACI\u00d3N DE LA MADERA.","publisher":{"@id":"https:\/\/serradoraplanas.com\/#organization"},"potentialAction":[{"@type":"SearchAction","target":{"@type":"EntryPoint","urlTemplate":"https:\/\/serradoraplanas.com\/?s={search_term_string}"},"query-input":"required name=search_term_string"}],"inLanguage":"es"},{"@type":"Organization","@id":"https:\/\/serradoraplanas.com\/#organization","name":"Serradora Planas","url":"https:\/\/serradoraplanas.com\/","logo":{"@type":"ImageObject","inLanguage":"es","@id":"https:\/\/serradoraplanas.com\/#\/schema\/logo\/image\/","url":"https:\/\/serradoraplanas.com\/wp-content\/uploads\/2024\/01\/logotipo-e1704366110730.png","contentUrl":"https:\/\/serradoraplanas.com\/wp-content\/uploads\/2024\/01\/logotipo-e1704366110730.png","width":100,"height":101,"caption":"Serradora Planas"},"image":{"@id":"https:\/\/serradoraplanas.com\/#\/schema\/logo\/image\/"},"sameAs":["https:\/\/www.instagram.com\/serradoraplanas","https:\/\/www.youtube.com\/@SerradoraPlanas"]}]}},"_links":{"self":[{"href":"https:\/\/serradoraplanas.com\/es\/wp-json\/wp\/v2\/pages\/12406","targetHints":{"allow":["GET"]}}],"collection":[{"href":"https:\/\/serradoraplanas.com\/es\/wp-json\/wp\/v2\/pages"}],"about":[{"href":"https:\/\/serradoraplanas.com\/es\/wp-json\/wp\/v2\/types\/page"}],"author":[{"embeddable":true,"href":"https:\/\/serradoraplanas.com\/es\/wp-json\/wp\/v2\/users\/1"}],"replies":[{"embeddable":true,"href":"https:\/\/serradoraplanas.com\/es\/wp-json\/wp\/v2\/comments?post=12406"}],"version-history":[{"count":42,"href":"https:\/\/serradoraplanas.com\/es\/wp-json\/wp\/v2\/pages\/12406\/revisions"}],"predecessor-version":[{"id":14235,"href":"https:\/\/serradoraplanas.com\/es\/wp-json\/wp\/v2\/pages\/12406\/revisions\/14235"}],"wp:attachment":[{"href":"https:\/\/serradoraplanas.com\/es\/wp-json\/wp\/v2\/media?parent=12406"}],"curies":[{"name":"wp","href":"https:\/\/api.w.org\/{rel}","templated":true}]}}